{"id":5984,"date":"2023-11-17T14:21:03","date_gmt":"2023-11-17T11:21:03","guid":{"rendered":"http:\/\/foreverclinica.com\/jinekomasti-ameliyati\/"},"modified":"2024-07-19T16:32:58","modified_gmt":"2024-07-19T13:32:58","slug":"gynakomastie","status":"publish","type":"page","link":"https:\/\/foreverclinica.com\/de\/gynakomastie\/","title":{"rendered":"Gyn\u00e4komastie"},"content":{"rendered":"\t\t<div data-elementor-type=\"wp-page\" data-elementor-id=\"5984\" class=\"elementor elementor-5984 elementor-5856\">\n\t\t\t\t\t\t<section class=\"elementor-section elementor-top-section elementor-element elementor-element-5e56daca dsvy-col-stretched-none dsvy-bg-color-over-image elementor-section-boxed elementor-section-height-default elementor-section-height-default\" data-id=\"5e56daca\" data-element_type=\"section\" data-e-type=\"section\">\n\t\t\t\t\t\t<div class=\"elementor-container elementor-column-gap-default\">\n\t\t\t\t\t<div class=\"elementor-column elementor-col-100 elementor-top-column elementor-element elementor-element-1f6d2519 dsvy-bg-color-over-image\" data-id=\"1f6d2519\" data-element_type=\"column\" data-e-type=\"column\">\n\t\t\t<div class=\"elementor-widget-wrap elementor-element-populated\">\n\t\t\t\t\t\t<div class=\"elementor-element elementor-element-6f66f57d elementor-widget elementor-widget-text-editor\" data-id=\"6f66f57d\" data-element_type=\"widget\" data-e-type=\"widget\" data-widget_type=\"text-editor.default\">\n\t\t\t\t<div class=\"elementor-widget-container\">\n\t\t\t\t\t\t\t\t\t<form id=\"fluentform_4\" method=\"POST\" data-form_id=\"4\" data-form_instance=\"ff_form_instance_4_6\"><fieldset style=\"border: none!important; margin: 0!important; padding: 0!important; background-color: transparent!important; box-shadow: none!important; outline: none!important; min-inline-size: 100%;\"><span style=\"letter-spacing: 0px;\"><div id=\"ez-toc-container\" class=\"ez-toc-v2_0_82_2 counter-hierarchy ez-toc-counter ez-toc-grey ez-toc-container-direction\">\n<div class=\"ez-toc-title-container\">\n<p class=\"ez-toc-title\" style=\"cursor:inherit\">Contents<\/p>\n<span class=\"ez-toc-title-toggle\"><a href=\"#\" class=\"ez-toc-pull-right ez-toc-btn ez-toc-btn-xs ez-toc-btn-default ez-toc-toggle\" aria-label=\"Toggle Table of Content\"><span class=\"ez-toc-js-icon-con\"><span class=\"\"><span class=\"eztoc-hide\" style=\"display:none;\">Toggle<\/span><span class=\"ez-toc-icon-toggle-span\"><svg style=\"fill: #999;color:#999\" xmlns=\"http:\/\/www.w3.org\/2000\/svg\" class=\"list-377408\" width=\"20px\" height=\"20px\" viewBox=\"0 0 24 24\" fill=\"none\"><path d=\"M6 6H4v2h2V6zm14 0H8v2h12V6zM4 11h2v2H4v-2zm16 0H8v2h12v-2zM4 16h2v2H4v-2zm16 0H8v2h12v-2z\" fill=\"currentColor\"><\/path><\/svg><svg style=\"fill: #999;color:#999\" class=\"arrow-unsorted-368013\" xmlns=\"http:\/\/www.w3.org\/2000\/svg\" width=\"10px\" height=\"10px\" viewBox=\"0 0 24 24\" version=\"1.2\" baseProfile=\"tiny\"><path d=\"M18.2 9.3l-6.2-6.3-6.2 6.3c-.2.2-.3.4-.3.7s.1.5.3.7c.2.2.4.3.7.3h11c.3 0 .5-.1.7-.3.2-.2.3-.5.3-.7s-.1-.5-.3-.7zM5.8 14.7l6.2 6.3 6.2-6.3c.2-.2.3-.5.3-.7s-.1-.5-.3-.7c-.2-.2-.4-.3-.7-.3h-11c-.3 0-.5.1-.7.3-.2.2-.3.5-.3.7s.1.5.3.7z\"\/><\/svg><\/span><\/span><\/span><\/a><\/span><\/div>\n<nav><ul class='ez-toc-list ez-toc-list-level-1 eztoc-toggle-hide-by-default' ><li class='ez-toc-page-1 ez-toc-heading-level-2'><a class=\"ez-toc-link ez-toc-heading-1\" href=\"https:\/\/foreverclinica.com\/de\/gynakomastie\/#was-verursacht-gynaekomastie\" >Was verursacht Gyn\u00e4komastie?<\/a><\/li><li class='ez-toc-page-1 ez-toc-heading-level-2'><a class=\"ez-toc-link ez-toc-heading-2\" href=\"https:\/\/foreverclinica.com\/de\/gynakomastie\/#was-sind-die-lebensmittel-die-gynaekomastie-verursachen\" >Was sind die Lebensmittel, die Gyn\u00e4komastie verursachen?<\/a><\/li><li class='ez-toc-page-1 ez-toc-heading-level-2'><a class=\"ez-toc-link ez-toc-heading-3\" href=\"https:\/\/foreverclinica.com\/de\/gynakomastie\/#wie-verschwindet-die-gynaekomastie-nicht\" >Wie verschwindet die Gyn\u00e4komastie nicht?<\/a><\/li><li class='ez-toc-page-1 ez-toc-heading-level-2'><a class=\"ez-toc-link ez-toc-heading-4\" href=\"https:\/\/foreverclinica.com\/de\/gynakomastie\/#wie-verlaeuft-gynaekomastie\" >Wie verl\u00e4uft Gyn\u00e4komastie?<\/a><\/li><li class='ez-toc-page-1 ez-toc-heading-level-2'><a class=\"ez-toc-link ez-toc-heading-5\" href=\"https:\/\/foreverclinica.com\/de\/gynakomastie\/#gynaekomastie-chirurgie\" >Gyn\u00e4komastie-Chirurgie<\/a><\/li><li class='ez-toc-page-1 ez-toc-heading-level-2'><a class=\"ez-toc-link ez-toc-heading-6\" href=\"https:\/\/foreverclinica.com\/de\/gynakomastie\/#ist-eine-gynaekomastie-operation-riskant\" >Ist eine Gyn\u00e4komastie-Operation riskant?<\/a><\/li><li class='ez-toc-page-1 ez-toc-heading-level-2'><a class=\"ez-toc-link ez-toc-heading-7\" href=\"https:\/\/foreverclinica.com\/de\/gynakomastie\/#gibt-es-nebenwirkungen-bei-einer-gynaekomastie-operation\" >Gibt es Nebenwirkungen bei einer Gyn\u00e4komastie-Operation?<\/a><\/li><li class='ez-toc-page-1 ez-toc-heading-level-2'><a class=\"ez-toc-link ez-toc-heading-8\" href=\"https:\/\/foreverclinica.com\/de\/gynakomastie\/#tritt-die-gynaekomastie-wieder-auf\" >Tritt die Gyn\u00e4komastie wieder auf?<\/a><\/li><li class='ez-toc-page-1 ez-toc-heading-level-2'><a class=\"ez-toc-link ez-toc-heading-9\" href=\"https:\/\/foreverclinica.com\/de\/gynakomastie\/#gynaekomastie-laser-methode\" >Gyn\u00e4komastie-Laser-Methode<\/a><\/li><\/ul><\/nav><\/div>\n<\/span><\/fieldset><\/form><p><strong>Die Gyn\u00e4komastie<\/strong>, die sich aufgrund hormoneller St\u00f6rungen entwickelt, \u00a0ist eines der wichtigsten Probleme unserer Zeit. Diese St\u00f6rung, die bei M\u00e4nnern auftritt, kann Menschen sowohl psychisch als auch physisch beeintr\u00e4chtigen.<\/p><p>Bis heute ist nicht genau bekannt, was eine <a href=\"https:\/\/foreverclinica.com\/de\/gynakomastie\/\">Gyn\u00e4komastie<\/a> verursacht. Es gibt jedoch viele F\u00e4lle, in denen sie sich w\u00e4hrend der Adoleszenz entwickelt. Infolge des Anstiegs des Hormons \u00d6strogen, das sich in Abh\u00e4ngigkeit von den von den Menschen w\u00e4hrend der Adoleszenz gegessenen Lebensmitteln entwickelt, kommt es bei M\u00e4nnern zu einer Brustentwicklung wie bei weiblichen Br\u00fcsten.<\/p><p>Diese Entwicklung setzt sich in den folgenden Jahren fort und sorgt mit dem Wachstum der Brustdr\u00fcseng\u00e4nge f\u00fcr ein Aussehen, das vom Aussehen her eher einer weiblichen Brust als einer m\u00e4nnlichen Brust \u00e4hnelt. Der Name, der diesem Ereignis gegeben wurde, wird heute Gyn\u00e4komastie genannt. Die genaue L\u00f6sung des Problems ist heute mit chirurgischen Methoden m\u00f6glich.<\/p><h2><span class=\"ez-toc-section\" id=\"was-verursacht-gynaekomastie\"><\/span>Was verursacht Gyn\u00e4komastie?<span class=\"ez-toc-section-end\"><\/span><\/h2><p>Das Problem der Gyn\u00e4komastie, das auftritt, wenn das Brustgewebe mehr als normal w\u00e4chst, ist eines der Probleme, die bei vielen M\u00e4nnern auftreten, insbesondere heute.<\/p><p><em>Die Ursachen f\u00fcr die Entstehung der Krankheit k\u00f6nnen wie folgt aufgelistet werden;<\/em><\/p><ol><li>Hormonelle Ver\u00e4nderungen,<\/li><li>Schilddr\u00fcse<\/li><li>Hodentumor,<\/li><li>Infektionen<\/li><li>Nebenwirkungen von Medikamenten,<\/li><li>Genetische Faktoren,<\/li><\/ol><p>Die oben genannten Probleme geh\u00f6ren heute zu den wichtigsten Faktoren, die die Entstehung einer Gyn\u00e4komastie ausl\u00f6sen. Bei der Gyn\u00e4komastie, die sich aufgrund hormoneller St\u00f6rungen entwickelt, kommt es zu einem ernsthaften Wachstum in der m\u00e4nnlichen Brust, insbesondere wenn Lebensmittel gegessen werden, die das Hormon \u00d6strogen erh\u00f6hen.<\/p><p>Vor allem zuckerhaltige Lebensmittel und s\u00e4urehaltige Getr\u00e4nke geh\u00f6ren heute zu den wichtigsten Problemen, die das Brustwachstum beeintr\u00e4chtigen. Der Konsum von Koffein und der Verzehr von Lebensmitteln, die Hormonst\u00f6rungen verursachen k\u00f6nnen, geh\u00f6ren zu den Faktoren, die in diesem Prozess eine Gyn\u00e4komastie verursachen.<\/p><h2><span class=\"ez-toc-section\" id=\"was-sind-die-lebensmittel-die-gynaekomastie-verursachen\"><\/span>Was sind die Lebensmittel, die Gyn\u00e4komastie verursachen?<span class=\"ez-toc-section-end\"><\/span><\/h2><p>Heutzutage gibt es viele verschiedene Lebensmittel, die Gyn\u00e4komastie verursachen, eine der St\u00f6rungen, die sowohl das k\u00f6rperliche als auch das psychische Gleichgewicht von M\u00e4nnern st\u00f6ren. Vor allem bei diesen Lebensmitteln verursacht der Verzehr von Lebensmitteln wie Chips, s\u00e4urehaltigen Getr\u00e4nken, Fertig- und verarbeiteten Lebensmitteln, \u00fcberm\u00e4\u00dfiger Verzehr von H\u00fchnchen, Schokolade usw. Probleme in diesem Prozess.<\/p><p>Da das Hormon \u00d6strogen im H\u00fchnerfleisch enthalten ist, ist es eines der wichtigsten Lebensmittel, die in diesem Prozess das Problem der Gyn\u00e4komastie ausl\u00f6sen. Daher ist es wichtig, H\u00fchnerfleisch so zu konsumieren, dass das Hormon \u00d6strogen nicht \u00fcberm\u00e4\u00dfig ansteigt.<\/p><p>Der Verzehr von zuckerhaltigen Lebensmitteln geh\u00f6rt ebenfalls zu den Faktoren, die das weibliche Hormon in diesem Prozess erh\u00f6hen. Der Anstieg des weiblichen Hormons unterst\u00fctzt in diesem Prozess auch die Bildung von Gyn\u00e4komastie.<\/p><h2><span class=\"ez-toc-section\" id=\"wie-verschwindet-die-gynaekomastie-nicht\"><\/span>Wie verschwindet die Gyn\u00e4komastie nicht?<span class=\"ez-toc-section-end\"><\/span><\/h2><p>Wenn Sie Probleme mit Gyn\u00e4komastie haben, ist es wichtig, dass Sie wissen, wie dieses Problem nicht verschwinden wird. Insbesondere ist die Gyn\u00e4komastie kein Zustand, der durch Sport gelindert werden kann. Viele M\u00e4nner glauben, dass das Problem durch Methoden zur Entwicklung der Br\u00fcste durch Sport gelindert werden kann. Aber das ist eine v\u00f6llig falsche Wahrnehmung.<\/p><p>Wenn Sie also das Problem in diesem Prozess haben, k\u00f6nnen Sie durch Sport auf mehr Gyn\u00e4komastie probleme sto\u00dfen. Gleichzeitig ist das Problem der Gyn\u00e4komastie kein Problem, das durch Abnehmen und Abnehmen gel\u00f6st werden kann.<\/p><p>Da es sich um ein v\u00f6llig internes Problem handelt, wird die endg\u00fcltige L\u00f6sung die chirurgische Methode sein. Mit chirurgischen Methoden k\u00f6nnen Sie das Problem schnell l\u00f6sen und das Problem loswerden. Die Gyn\u00e4komastie verschwindet nicht abh\u00e4ngig von der Ern\u00e4hrung. Sie entwickelt sich w\u00e4hrend der Adoleszenz und schreitet mit den Stadien weiter voran.<\/p><h2><span class=\"ez-toc-section\" id=\"wie-verlaeuft-gynaekomastie\"><\/span>Wie verl\u00e4uft Gyn\u00e4komastie?<span class=\"ez-toc-section-end\"><\/span><\/h2><p>Die Genesung der Gyn\u00e4komastie, auch Brustvergr\u00f6\u00dferung genannt, h\u00e4ngt vollst\u00e4ndig von chirurgischen Eingriffen ab. Zu den chirurgischen Methoden geh\u00f6rt, dass Menschen unter Vollnarkose operiert werden. Bestimmte Screenings werden bei Menschen vor der Operation durchgef\u00fchrt.<\/p><p>Als Ergebnis der Scans wird das Stadium der Gyn\u00e4komastie bestimmt. Das Problem der Gyn\u00e4komastie besteht aus 3 Stadien. Stadium 3 bezieht sich auf die gr\u00f6\u00dfte Gyn\u00e4komastie und w\u00e4hrend dieses Eingriffs werden intensive Fettentfernungsoperationen durchgef\u00fchrt. Nach der Fettentfernung wird ein Schnitt unter der Brust gemacht und die Milchdr\u00fcsen werden mit einer chirurgischen Schere entfernt.<\/p><p>Die Entfernung der Brustdr\u00fcsen ist unbedingt notwendig. Wenn es nicht entfernt wird, kann die Gyn\u00e4komastie erneut auftreten. Daher muss der Chirurg bei diesem Prozess die Brustdr\u00fcsen entfernen. So haben die Patienten Zugang zu M\u00f6glichkeiten, das Problem der Gyn\u00e4komastie loszuwerden.<\/p><h2><span class=\"ez-toc-section\" id=\"gynaekomastie-chirurgie\"><\/span>Gyn\u00e4komastie-Chirurgie<span class=\"ez-toc-section-end\"><\/span><\/h2><p>Die Operation wird in der Regel unter Vollnarkose durchgef\u00fchrt. Nach der Vollnarkose dauert die Operation 1 bis 2 Stunden. Der Ablauf der Operation kann je nach Ausma\u00df der Gyn\u00e4komastie variieren. Wenn die Gyn\u00e4komastie gro\u00df ist, dauert die Operation 2 Stunden. Bei kleineren Gyn\u00e4komastien sind die Operationen innerhalb von 1 Stunde abgeschlossen.<\/p><p>Bei der Operation wird das \u00fcbersch\u00fcssige Fettgewebe in der Brust vollst\u00e4ndig entfernt. Dabei werden die Brustdr\u00fcsen entfernt und der Brustkorb vollst\u00e4ndig gereinigt. Es findet auch der Entfettungsprozess statt und es findet eine Fettentfernung statt. Die Gyn\u00e4komastie-Operation geh\u00f6rt zur Kategorie der einfachen Operationen.<\/p><p>Dank der Gyn\u00e4komastie-Operation, die zur Kategorie der einfachen Operation geh\u00f6rt, k\u00f6nnen die Betroffenen das normale Aussehen ihrer Br\u00fcste wiedererlangen. Die Operation kann auch mit Lasertechnologie durchgef\u00fchrt werden, wobei in den letzten Jahren fortschrittliche Technologien entwickelt wurden. Dank der Lasertechnologie erfolgt die Operation in 30 Minuten.<\/p><h2><span class=\"ez-toc-section\" id=\"ist-eine-gynaekomastie-operation-riskant\"><\/span>Ist eine Gyn\u00e4komastie-Operation riskant?<span class=\"ez-toc-section-end\"><\/span><\/h2><p>Nat\u00fcrlich birgt die Gyn\u00e4komastie-Operation, wie jeder chirurgische Eingriff, einige Risiken.<\/p><p><em>Die Risiken k\u00f6nnen wie folgt aufgelistet werden;<\/em><\/p><ol><li>Infektionen<\/li><li>Blutung<\/li><li>Yarada soyulma,<\/li><li>Verlust der Sensibilit\u00e4t,<\/li><\/ol><p>Solche Probleme k\u00f6nnen nach der Operation in diesem Prozess auftreten. Falls solche Probleme nach der Operation auftreten, ist es unbedingt notwendig, sich an die n\u00e4chstgelegene Gesundheitseinrichtung zu wenden. W\u00e4hrend der Operation k\u00f6nnen sich aufgrund der An\u00e4sthesie einige Komplikationen entwickeln.<\/p><p>Komplikationen sorgen daf\u00fcr, dass die Operation nicht erfolgreich ist. Alle Komplikationen, die auftreten k\u00f6nnen, k\u00f6nnen von Patient zu Patient unterschiedlich sein. Daher gibt es nicht bei jedem Patienten die gleiche Komplikation. Der Risikofaktor der Operation liegt bei 3%, was auch in der medizinischen Terminologie angegeben ist.<\/p><h2><span class=\"ez-toc-section\" id=\"gibt-es-nebenwirkungen-bei-einer-gynaekomastie-operation\"><\/span>Gibt es Nebenwirkungen bei einer Gyn\u00e4komastie-Operation?<span class=\"ez-toc-section-end\"><\/span><\/h2><p>Es gibt einige verschiedene Nebenwirkungen, die nach einer Gyn\u00e4komastie-Operation auftreten k\u00f6nnen. Insbesondere die Bildung von \u00d6demen geh\u00f6rt zu den h\u00e4ufigsten Nebenwirkungen. Bluterg\u00fcsse und Schwellungen geh\u00f6ren ebenfalls zu den Nebenwirkungen dieses Prozesses.<\/p><p>Schmerzen und Beschwerden, die auftreten k\u00f6nnen, geh\u00f6ren zu den wichtigsten Nebenwirkungen einer Gyn\u00e4komastie-Operation. Eine Verlangsamung der Wundheilung und das Wiederauftreten von Leukomamistie sind ebenfalls Nebenwirkungen, die auftreten k\u00f6nnen.<\/p><p>Nebenwirkungen werden nicht bei jedem in gleicher Weise beobachtet. Komplikationen, die durch die An\u00e4sthesie auftreten k\u00f6nnen, geh\u00f6ren ebenfalls an erster Stelle zu den Nebenwirkungen in diesem Prozess. Die Wahrscheinlichkeit von Nebenwirkungen wurde mit durchschnittlich 1000\/5 ermittelt. Wie aus dem Verh\u00e4ltnis ersichtlich ist, ist die Wahrscheinlichkeit von Nebenwirkungen \u00e4u\u00dferst gering.<\/p><p><img decoding=\"async\" class=\"aligncenter wp-image-12221 size-full\" src=\"http:\/\/foreverclinica.com\/wp-content\/uploads\/2024\/07\/shutterstock_2108205344-1.jpg\" alt=\"\" width=\"1000\" height=\"667\" srcset=\"https:\/\/foreverclinica.com\/wp-content\/uploads\/2024\/07\/shutterstock_2108205344-1.jpg 1000w, https:\/\/foreverclinica.com\/wp-content\/uploads\/2024\/07\/shutterstock_2108205344-1-300x200.jpg 300w, https:\/\/foreverclinica.com\/wp-content\/uploads\/2024\/07\/shutterstock_2108205344-1-768x512.jpg 768w, https:\/\/foreverclinica.com\/wp-content\/uploads\/2024\/07\/shutterstock_2108205344-1-770x514.jpg 770w\" sizes=\"(max-width: 1000px) 100vw, 1000px\" \/><\/p><h2><span class=\"ez-toc-section\" id=\"tritt-die-gynaekomastie-wieder-auf\"><\/span>Tritt die Gyn\u00e4komastie wieder auf?<span class=\"ez-toc-section-end\"><\/span><\/h2><p>Ja, Gyn\u00e4komastie kann wiederkehren. Im Rahmen der postoperativen Bedingungen kann das Problem der Gyn\u00e4komastie als Folge von Komplikationen und wiederum in Abh\u00e4ngigkeit von Ern\u00e4hrungsfaktoren auftreten. Gyn\u00e4komastie ist eines der Probleme, die das psychische Gleichgewicht von M\u00e4nnern in vielerlei Hinsicht st\u00f6ren.<\/p><p>Beim Wiederauftreten des Problems der Gyn\u00e4komastie ist das wichtigste Detail, dass die Brustdr\u00fcsen nicht gleichzeitig entfernt werden. Wenn die Brustdr\u00fcsen w\u00e4hrend der Operation nicht entfernt werden, kann das Problem der Gyn\u00e4komastie erneut auftreten. Rezidivierende Gyn\u00e4komastien k\u00f6nnen durch operative Methoden wieder entfernt werden. Das Problem wird durch chirurgische Methoden wieder gel\u00f6st.<\/p><p>Gleichzeitig sollten die Menschen darauf achten, was sie nach der Operation essen. Der Verzehr von Lebensmitteln, die das Hormon \u00d6strogen ausl\u00f6sen, kann die Bildung einer Gyn\u00e4komastie erneut ausl\u00f6sen. Wenn du also nicht auf solche Probleme sto\u00dfen m\u00f6chtest, solltest du unbedingt darauf achten, was du isst.<\/p><p><img loading=\"lazy\" decoding=\"async\" class=\"aligncenter wp-image-12213 size-full\" src=\"http:\/\/foreverclinica.com\/wp-content\/uploads\/2024\/07\/shutterstock_1482365021.jpg\" alt=\"\" width=\"1000\" height=\"578\" srcset=\"https:\/\/foreverclinica.com\/wp-content\/uploads\/2024\/07\/shutterstock_1482365021.jpg 1000w, https:\/\/foreverclinica.com\/wp-content\/uploads\/2024\/07\/shutterstock_1482365021-300x173.jpg 300w, https:\/\/foreverclinica.com\/wp-content\/uploads\/2024\/07\/shutterstock_1482365021-768x444.jpg 768w, https:\/\/foreverclinica.com\/wp-content\/uploads\/2024\/07\/shutterstock_1482365021-770x445.jpg 770w\" sizes=\"(max-width: 1000px) 100vw, 1000px\" \/><\/p><h2><span class=\"ez-toc-section\" id=\"gynaekomastie-laser-methode\"><\/span>Gyn\u00e4komastie-Laser-Methode<span class=\"ez-toc-section-end\"><\/span><\/h2><p>In den letzten Jahren gab es gro\u00dfe Revolutionen in der Medizintechnik. Vor allem dank der Lasertechnologie, die in der Gyn\u00e4komastie-Chirurgie eingesetzt wird, kann das Gyn\u00e4komastie-Problem der Menschen sehr schnell und schmerzfrei gel\u00f6st werden.<\/p><p>Die Entwicklung der invasiven Menge auf niedrigeren Ebenen geh\u00f6rt zu den Faktoren, die die hohe Effizienz der Lasertechnologie gew\u00e4hrleisten. Die geringe Inzisionsmenge geh\u00f6rt auch bei diesem Verfahren zu den wichtigsten Faktoren der Lasermethode. Die Entscheidung f\u00fcr den Einsatz von Lasertechnologie h\u00e4ngt vom Chirurgen ab.<\/p><p>Der Chirurg wird Ihnen sagen, ob Sie f\u00fcr die Lasermethode geeignet sind, indem er die notwendigen Untersuchungen durchf\u00fchrt. Dank der Lasertechnologie liegt die Wahrscheinlichkeit einer erfolgreichen Gyn\u00e4komastie-Operation derzeit bei 99,8%. Die Tatsache, dass es eine hohe Rate hat, ist effektiv, um diejenigen, die Gyn\u00e4komastieprobleme haben, auf die Lasertechnologie zu verweisen.<br \/><br \/><a href=\"https:\/\/www.trustpilot.com\/review\/foreverclinica.com\" target=\"_blank\" rel=\"noopener\">Trustpilot<\/a><br \/><\/p>\t\t\t\t\t\t\t\t<\/div>\n\t\t\t\t<\/div>\n\t\t\t\t\t<\/div>\n\t\t<\/div>\n\t\t\t\t\t<\/div>\n\t\t<\/section>\n\t\t\t\t<\/div>\n\t\t","protected":false},"excerpt":{"rendered":"<p>Die Gyn\u00e4komastie, die sich aufgrund hormoneller St\u00f6rungen entwickelt, \u00a0ist eines der wichtigsten Probleme unserer Zeit. Diese St\u00f6rung, die bei M\u00e4nnern auftritt, kann Menschen sowohl psychisch als auch physisch beeintr\u00e4chtigen. Bis heute ist nicht genau bekannt, was eine Gyn\u00e4komastie verursacht. Es gibt jedoch viele F\u00e4lle, in denen sie sich w\u00e4hrend der Adoleszenz entwickelt. Infolge des Anstiegs des Hormons \u00d6strogen, das sich in Abh\u00e4ngigkeit von den von den Menschen w\u00e4hrend der Adoleszenz[&hellip;]<\/p>\n","protected":false},"author":2,"featured_media":0,"parent":0,"menu_order":4,"comment_status":"closed","ping_status":"closed","template":"elementor_header_footer","meta":{"_acf_changed":false,"_uf_show_specific_survey":0,"_uf_disable_surveys":false,"_joinchat":[],"footnotes":""},"class_list":["post-5984","page","type-page","status-publish","hentry"],"acf":[],"aioseo_notices":[],"_links":{"self":[{"href":"https:\/\/foreverclinica.com\/de\/wp-json\/wp\/v2\/pages\/5984","targetHints":{"allow":["GET"]}}],"collection":[{"href":"https:\/\/foreverclinica.com\/de\/wp-json\/wp\/v2\/pages"}],"about":[{"href":"https:\/\/foreverclinica.com\/de\/wp-json\/wp\/v2\/types\/page"}],"author":[{"embeddable":true,"href":"https:\/\/foreverclinica.com\/de\/wp-json\/wp\/v2\/users\/2"}],"replies":[{"embeddable":true,"href":"https:\/\/foreverclinica.com\/de\/wp-json\/wp\/v2\/comments?post=5984"}],"version-history":[{"count":12,"href":"https:\/\/foreverclinica.com\/de\/wp-json\/wp\/v2\/pages\/5984\/revisions"}],"predecessor-version":[{"id":12248,"href":"https:\/\/foreverclinica.com\/de\/wp-json\/wp\/v2\/pages\/5984\/revisions\/12248"}],"wp:attachment":[{"href":"https:\/\/foreverclinica.com\/de\/wp-json\/wp\/v2\/media?parent=5984"}],"curies":[{"name":"wp","href":"https:\/\/api.w.org\/{rel}","templated":true}]}}