{"id":6686,"date":"2020-05-30T03:47:46","date_gmt":"2020-05-30T00:47:46","guid":{"rendered":"http:\/\/foreverclinica.com\/hakkimizda\/"},"modified":"2024-07-19T10:56:56","modified_gmt":"2024-07-19T07:56:56","slug":"uber-uns","status":"publish","type":"page","link":"https:\/\/foreverclinica.com\/de\/uber-uns\/","title":{"rendered":"\u00dcber Uns"},"content":{"rendered":"\t\t<div data-elementor-type=\"wp-page\" data-elementor-id=\"6686\" class=\"elementor elementor-6686 elementor-67\">\n\t\t\t\t\t\t<section class=\"elementor-section elementor-top-section elementor-element elementor-element-4ad7988 dsvy-col-stretched-none dsvy-bg-color-over-image elementor-section-boxed elementor-section-height-default elementor-section-height-default\" data-id=\"4ad7988\" data-element_type=\"section\" data-e-type=\"section\">\n\t\t\t\t\t\t<div class=\"elementor-container elementor-column-gap-default\">\n\t\t\t\t\t<div class=\"elementor-column elementor-col-50 elementor-top-column elementor-element elementor-element-38a2a61 dsvy-bg-color-over-image\" data-id=\"38a2a61\" data-element_type=\"column\" data-e-type=\"column\">\n\t\t\t<div class=\"elementor-widget-wrap elementor-element-populated\">\n\t\t\t\t\t\t<div class=\"elementor-element elementor-element-f25e91f elementor-widget elementor-widget-text-editor\" data-id=\"f25e91f\" data-element_type=\"widget\" data-e-type=\"widget\" data-widget_type=\"text-editor.default\">\n\t\t\t\t<div class=\"elementor-widget-container\">\n\t\t\t\t\t\t\t\t\t<img decoding=\"async\" title=\"\" src=\"http:\/\/foreverclinica.com\/wp-content\/uploads\/2022\/06\/landing_doctors.png\" alt=\"\" \/>\n\t\t\t\t\t\t\t\t<\/div>\n\t\t\t\t<\/div>\n\t\t\t\t\t<\/div>\n\t\t<\/div>\n\t\t\t\t<div class=\"elementor-column elementor-col-50 elementor-top-column elementor-element elementor-element-f6b3de1 dsvy-bg-color-over-image\" data-id=\"f6b3de1\" data-element_type=\"column\" data-e-type=\"column\">\n\t\t\t<div class=\"elementor-widget-wrap elementor-element-populated\">\n\t\t\t\t\t\t<div class=\"elementor-element elementor-element-6b27e1ba elementor-widget elementor-widget-text-editor\" data-id=\"6b27e1ba\" data-element_type=\"widget\" data-e-type=\"widget\" data-widget_type=\"text-editor.default\">\n\t\t\t\t<div class=\"elementor-widget-container\">\n\t\t\t\t\t\t\t\t\t<p>\u00a0<\/p><h4>Forever Clinica<\/h4><h2>\u00dcber Uns<\/h2><p>Auf dieser Reise, die wir im Jahr 2018 begonnen haben, haben wir begonnen, unsere Arbeit jeden Tag mit mehr Liebe weiterzuentwickeln, dank der Erfahrung und Expertise, die wir im Laufe der Jahre gesammelt haben.<\/p><p>Jetzt, als Forever Clinic, erm\u00f6glichen wir unseren Patienten, Behandlungen zu erhalten, die ihren Bed\u00fcrfnissen und ihrer Gesundheit entsprechen.<\/p><p>Indem wir uns in unserem Gesch\u00e4ft jeden Tag verbessern, arbeiten wir h\u00e4rter daran, unseren gesch\u00e4tzten G\u00e4sten den besten und hochwertigsten Service zu bieten.<\/p><p><strong>Die Behandlungen werden in vertraglich vereinbarten Gesundheitseinrichtungen durchgef\u00fchrt, die \u00fcber internationale Lizenzen f\u00fcr den Gesundheitstourismus verf\u00fcgen<\/strong><\/p>\t\t\t\t\t\t\t\t<\/div>\n\t\t\t\t<\/div>\n\t\t\t\t\t<\/div>\n\t\t<\/div>\n\t\t\t\t\t<\/div>\n\t\t<\/section>\n\t\t\t\t<section class=\"elementor-section elementor-top-section elementor-element elementor-element-415c01ae elementor-section-stretched dsvy-fid-sep dsvy-bg-color-yes dsvy-elementor-bg-color-blackish dsvy-bg-image-over-color dsvy-col-stretched-none elementor-section-boxed elementor-section-height-default elementor-section-height-default\" data-id=\"415c01ae\" data-element_type=\"section\" data-e-type=\"section\" data-settings=\"{&quot;stretch_section&quot;:&quot;section-stretched&quot;,&quot;background_background&quot;:&quot;classic&quot;}\">\n\t\t\t\t\t\t\t<div class=\"elementor-background-overlay\"><\/div>\n\t\t\t\t\t\t\t<div class=\"elementor-container elementor-column-gap-no\">\n\t\t\t\t\t<div class=\"elementor-column elementor-col-25 elementor-top-column elementor-element elementor-element-2c045ba8 dsvy-bg-color-over-image\" data-id=\"2c045ba8\" data-element_type=\"column\" data-e-type=\"column\">\n\t\t\t<div class=\"elementor-widget-wrap elementor-element-populated\">\n\t\t\t\t\t\t<div class=\"elementor-element elementor-element-71bd4036 elementor-widget elementor-widget-dsvy_fid_element\" data-id=\"71bd4036\" data-element_type=\"widget\" data-e-type=\"widget\" data-widget_type=\"dsvy_fid_element.default\">\n\t\t\t\t<div class=\"elementor-widget-container\">\n\t\t\t\t\t<div class=\"designervily-ele designervily-ele-fid designervily-ele-fid-style-3 \"><div class=\"dsvy-fld-contents\">\r\n\t<div class=\"dsvy-sbox-icon-wrapper\"><i class=\"dsvy-cardioly-icon dsvy-cardioly-icon-heartbeat\"><\/i><\/div>\t<h4 class=\"dsvy-fid-inner\">\r\n\t\t\t\t<span class=\"dsvy-number-rotate\" data-appear-animation=\"animateDigits\" data-from=\"0\" data-to=\"9000\" data-interval=\"5\" data-before=\"\" data-before-style=\"\" data-after=\"\" data-after-style=\"\">\r\n\t\t\t\t9000\t\t<\/span><span class=\"dsvy-fid-sub\"><sup>+<\/sup><\/span>\r\n\t<\/h4>\r\n\t<span class=\"dsvy-fid-title\">Gesamttransaktion<\/span>\r\n<\/div><!-- .dsvy-fld-contents -->\r\n<\/div>\t\t\t\t<\/div>\n\t\t\t\t<\/div>\n\t\t\t\t\t<\/div>\n\t\t<\/div>\n\t\t\t\t<div class=\"elementor-column elementor-col-25 elementor-top-column elementor-element elementor-element-57e48305 dsvy-bg-color-over-image\" data-id=\"57e48305\" data-element_type=\"column\" data-e-type=\"column\">\n\t\t\t<div class=\"elementor-widget-wrap elementor-element-populated\">\n\t\t\t\t\t\t<div class=\"elementor-element elementor-element-20acedde elementor-widget elementor-widget-dsvy_fid_element\" data-id=\"20acedde\" data-element_type=\"widget\" data-e-type=\"widget\" data-widget_type=\"dsvy_fid_element.default\">\n\t\t\t\t<div class=\"elementor-widget-container\">\n\t\t\t\t\t<div class=\"designervily-ele designervily-ele-fid designervily-ele-fid-style-3 \"><div class=\"dsvy-fld-contents\">\r\n\t<div class=\"dsvy-sbox-icon-wrapper\"><i class=\"fas fa-users\"><\/i><\/div>\t<h4 class=\"dsvy-fid-inner\">\r\n\t\t\t\t<span class=\"dsvy-number-rotate\" data-appear-animation=\"animateDigits\" data-from=\"0\" data-to=\"4000\" data-interval=\"5\" data-before=\"\" data-before-style=\"\" data-after=\"\" data-after-style=\"\">\r\n\t\t\t\t4000\t\t<\/span><span class=\"dsvy-fid-sub\"><sup>+<\/sup><\/span>\r\n\t<\/h4>\r\n\t<span class=\"dsvy-fid-title\">Anzahl der Patienten<\/span>\r\n<\/div><!-- .dsvy-fld-contents -->\r\n<\/div>\t\t\t\t<\/div>\n\t\t\t\t<\/div>\n\t\t\t\t\t<\/div>\n\t\t<\/div>\n\t\t\t\t<div class=\"elementor-column elementor-col-25 elementor-top-column elementor-element elementor-element-51f6e02f dsvy-bg-color-over-image\" data-id=\"51f6e02f\" data-element_type=\"column\" data-e-type=\"column\">\n\t\t\t<div class=\"elementor-widget-wrap elementor-element-populated\">\n\t\t\t\t\t\t<div class=\"elementor-element elementor-element-227e0336 elementor-widget elementor-widget-dsvy_fid_element\" data-id=\"227e0336\" data-element_type=\"widget\" data-e-type=\"widget\" data-widget_type=\"dsvy_fid_element.default\">\n\t\t\t\t<div class=\"elementor-widget-container\">\n\t\t\t\t\t<div class=\"designervily-ele designervily-ele-fid designervily-ele-fid-style-3 \"><div class=\"dsvy-fld-contents\">\r\n\t<div class=\"dsvy-sbox-icon-wrapper\"><i class=\"dsvy-cardioly-icon dsvy-cardioly-icon-phone-call\"><\/i><\/div>\t<h4 class=\"dsvy-fid-inner\">\r\n\t\t\t\t<span class=\"dsvy-number-rotate\" data-appear-animation=\"animateDigits\" data-from=\"0\" data-to=\"20000\" data-interval=\"5\" data-before=\"\" data-before-style=\"\" data-after=\"\" data-after-style=\"\">\r\n\t\t\t\t20000\t\t<\/span><span class=\"dsvy-fid-sub\"><sup>+<\/sup><\/span>\r\n\t<\/h4>\r\n\t<span class=\"dsvy-fid-title\">Anruf<\/span>\r\n<\/div><!-- .dsvy-fld-contents -->\r\n<\/div>\t\t\t\t<\/div>\n\t\t\t\t<\/div>\n\t\t\t\t\t<\/div>\n\t\t<\/div>\n\t\t\t\t<div class=\"elementor-column elementor-col-25 elementor-top-column elementor-element elementor-element-3e04cd6f dsvy-bg-color-over-image\" data-id=\"3e04cd6f\" data-element_type=\"column\" data-e-type=\"column\">\n\t\t\t<div class=\"elementor-widget-wrap elementor-element-populated\">\n\t\t\t\t\t\t<div class=\"elementor-element elementor-element-6e40d28c elementor-widget elementor-widget-dsvy_fid_element\" data-id=\"6e40d28c\" data-element_type=\"widget\" data-e-type=\"widget\" data-widget_type=\"dsvy_fid_element.default\">\n\t\t\t\t<div class=\"elementor-widget-container\">\n\t\t\t\t\t<div class=\"designervily-ele designervily-ele-fid designervily-ele-fid-style-3 \"><div class=\"dsvy-fld-contents\">\r\n\t<div class=\"dsvy-sbox-icon-wrapper\"><i class=\"far fa-smile-beam\"><\/i><\/div>\t<h4 class=\"dsvy-fid-inner\">\r\n\t\t\t\t<span class=\"dsvy-number-rotate\" data-appear-animation=\"animateDigits\" data-from=\"0\" data-to=\"100\" data-interval=\"5\" data-before=\"\" data-before-style=\"\" data-after=\"\" data-after-style=\"\">\r\n\t\t\t\t100\t\t<\/span><span class=\"dsvy-fid-sub\"><sup>%<\/sup><\/span>\r\n\t<\/h4>\r\n\t<span class=\"dsvy-fid-title\">Kundenzufriedenheit<\/span>\r\n<\/div><!-- .dsvy-fld-contents -->\r\n<\/div>\t\t\t\t<\/div>\n\t\t\t\t<\/div>\n\t\t\t\t\t<\/div>\n\t\t<\/div>\n\t\t\t\t\t<\/div>\n\t\t<\/section>\n\t\t\t\t<\/div>\n\t\t","protected":false},"excerpt":{"rendered":"<p>\u00a0 Forever Clinica \u00dcber Uns Auf dieser Reise, die wir im Jahr 2018 begonnen haben, haben wir begonnen, unsere Arbeit jeden Tag mit mehr Liebe weiterzuentwickeln, dank der Erfahrung und Expertise, die wir im Laufe der Jahre gesammelt haben. Jetzt, als Forever Clinic, erm\u00f6glichen wir unseren Patienten, Behandlungen zu erhalten, die ihren Bed\u00fcrfnissen und ihrer Gesundheit entsprechen. Indem wir uns in unserem Gesch\u00e4ft jeden Tag verbessern, arbeiten wir h\u00e4rter daran,[&hellip;]<\/p>\n","protected":false},"author":1,"featured_media":0,"parent":0,"menu_order":4,"comment_status":"closed","ping_status":"closed","template":"elementor_header_footer","meta":{"_acf_changed":false,"_uf_show_specific_survey":0,"_uf_disable_surveys":false,"_joinchat":[],"footnotes":""},"class_list":["post-6686","page","type-page","status-publish","hentry"],"acf":[],"aioseo_notices":[],"_links":{"self":[{"href":"https:\/\/foreverclinica.com\/de\/wp-json\/wp\/v2\/pages\/6686","targetHints":{"allow":["GET"]}}],"collection":[{"href":"https:\/\/foreverclinica.com\/de\/wp-json\/wp\/v2\/pages"}],"about":[{"href":"https:\/\/foreverclinica.com\/de\/wp-json\/wp\/v2\/types\/page"}],"author":[{"embeddable":true,"href":"https:\/\/foreverclinica.com\/de\/wp-json\/wp\/v2\/users\/1"}],"replies":[{"embeddable":true,"href":"https:\/\/foreverclinica.com\/de\/wp-json\/wp\/v2\/comments?post=6686"}],"version-history":[{"count":13,"href":"https:\/\/foreverclinica.com\/de\/wp-json\/wp\/v2\/pages\/6686\/revisions"}],"predecessor-version":[{"id":12195,"href":"https:\/\/foreverclinica.com\/de\/wp-json\/wp\/v2\/pages\/6686\/revisions\/12195"}],"wp:attachment":[{"href":"https:\/\/foreverclinica.com\/de\/wp-json\/wp\/v2\/media?parent=6686"}],"curies":[{"name":"wp","href":"https:\/\/api.w.org\/{rel}","templated":true}]}}