{"id":6758,"date":"2020-06-03T09:25:39","date_gmt":"2020-06-03T06:25:39","guid":{"rendered":"http:\/\/foreverclinica.com\/iletisim\/"},"modified":"2023-12-04T16:41:33","modified_gmt":"2023-12-04T13:41:33","slug":"contactenos","status":"publish","type":"page","link":"https:\/\/foreverclinica.com\/es\/contactenos\/","title":{"rendered":"Cont\u00e1ctenos"},"content":{"rendered":"<p><iframe loading=\"lazy\"\n\t\t\t\t\tsrc=\"https:\/\/maps.google.com\/maps?q=Suryap%C4%B1%20Corridor&#038;t=m&#038;z=15&#038;output=embed&#038;iwloc=near\"\n\t\t\t\t\ttitle=\"Suryap\u0131 Corridor\"\n\t\t\t\t\taria-label=\"Suryap\u0131 Corridor\"\n\t\t\t><\/iframe><\/p>\n<h3>Cont\u00e1ctenos<\/h3>\n<h2>\n\t\t\t\t\t\tNuestro N\u00famero de Tel\u00e9fono<br \/>\n\t\t\t\t\t<\/h2>\n<p>\t\t\t\t\t\t\t\t?? +90 544 848 55 85<br \/>\n?? ?? +90 545 229 16 52\t\t\t<!-- .dsvy-ihbox-contents --><\/p>\n<h2>\n\t\t\t\t\t\tNuestra Direcci\u00f3n<br \/>\n\t\t\t\t\t<\/h2>\n<p>\t\t\t\t\t\t\t\tG\u00fcne\u015fli, Ba\u011flar Mahallesi, Yal\u00e7\u0131n Kore\u015f Cd. H Blok No. 14 \u0130\u00e7 Kap\u0131 No: B\/47, 34197 Ba\u011fc\u0131lar\/\u0130stanbul\t\t\t<!-- .dsvy-ihbox-contents --><\/p>\n<h2>\n\t\t\t\t\t\tNuestra Direcci\u00f3n de Correo Electr\u00f3nico<br \/>\n\t\t\t\t\t<\/h2>\n<p>\t\t\t\t\t\t\t\tinfo@foreverclinica.com\t\t\t<!-- .dsvy-ihbox-contents --><\/p>\n\n<h3>Haga una Cita Gratis<\/h3>\n<p>H\u00e1gase un favor como miles de invitados de Forever Clinica y haga una cita gratis ahora.<\/p>\n<div class='fluentform ff-default fluentform_wrapper_3 ffs_default_wrap'><form data-form_id=\"3\" id=\"fluentform_3\" class=\"frm-fluent-form fluent_form_3 ff-el-form-top ff_form_instance_3_1 ff-form-loading ffs_default\" data-form_instance=\"ff_form_instance_3_1\" method=\"POST\" ><fieldset  style=\"border: none!important;margin: 0!important;padding: 0!important;background-color: transparent!important;box-shadow: none!important;outline: none!important; min-inline-size: 100%;\">\n                    <legend class=\"ff_screen_reader_title\" style=\"display: block; margin: 0!important;padding: 0!important;height: 0!important;text-indent: -999999px;width: 0!important;overflow:hidden;\">T\u00fcrk\u00e7e \u0130leti\u015fim Formu<\/legend><input type='hidden' name='__fluent_form_embded_post_id' value='6758' \/><input type=\"hidden\" id=\"_fluentform_3_fluentformnonce\" name=\"_fluentform_3_fluentformnonce\" value=\"20b8007851\" \/><input type=\"hidden\" name=\"_wp_http_referer\" value=\"\/es\/wp-json\/wp\/v2\/pages\/6758\" \/><div class='ff-el-group'><div class='ff-el-input--content'><select name=\"dropdown\" id=\"ff_3_dropdown\" class=\"ff-el-form-control\" data-name=\"dropdown\" data-calc_value=\"0\"  aria-invalid=\"false\" aria-required=\"true\" aria-labelledby=\"label_ff_3_dropdown\"><option value=\"\">Operasyon Se\u00e7<\/option><option value=\"Sa\u00e7 Ekimi\"  >Sa\u00e7 Ekimi<\/option><option value=\"Rinoplasti (Burun Esteti\u011fi)\"  >Rinoplasti (Burun Esteti\u011fi)<\/option><option value=\"Meme Esteti\u011fi\"  >Meme Esteti\u011fi<\/option><option value=\"Di\u015f Tedavileri\"  >Di\u015f Tedavileri<\/option><option value=\"Liposuction (Ya\u011f Ald\u0131rma)\"  >Liposuction (Ya\u011f Ald\u0131rma)<\/option><option value=\"BBL (Brezilya Kal\u00e7a Kald\u0131rma)\"  >BBL (Brezilya Kal\u00e7a Kald\u0131rma)<\/option><option value=\"T\u00fcp Bebek (IVF)\"  >T\u00fcp Bebek (IVF)<\/option><option value=\"Obezite\"  >Obezite<\/option><option value=\"Mide K\u00fc\u00e7\u00fcltme Ameliyat\u0131 (Gastric Sleeve)\"  >Mide K\u00fc\u00e7\u00fcltme Ameliyat\u0131 (Gastric Sleeve)<\/option><option value=\"Di\u011fer\"  >Di\u011fer<\/option><\/select><\/div><\/div><div data-name=\"ff_cn_id_1\"  class='ff-t-container ff-column-container ff_columns_total_2 '><div class='ff-t-cell ff-t-column-1' style='flex-basis: 50%;'><div data-type=\"name-element\" data-name=\"names\" class=\" ff-field_container ff-name-field-wrapper\" ><div class='ff-t-container'><div class='ff-t-cell '><div class='ff-el-group'><div class='ff-el-input--content'><input type=\"text\" name=\"names[first_name]\" id=\"ff_3_names_first_name_\" class=\"ff-el-form-control\" placeholder=\"Ad Soyad\" aria-invalid=\"false\" aria-required=false><\/div><\/div><\/div><\/div><\/div><\/div><div class='ff-t-cell ff-t-column-2' style='flex-basis: 50%;'><div class='ff-el-group'><div class='ff-el-input--content'><input type=\"email\" name=\"email\" id=\"ff_3_email\" class=\"ff-el-form-control\" placeholder=\"E-Mail\" data-name=\"email\"  aria-invalid=\"false\" aria-required=true><\/div><\/div><\/div><\/div><div class='ff-el-group'><div class='ff-el-input--content'><input type=\"text\" name=\"input_text\" class=\"ff-el-form-control\" placeholder=\"Telefon Numaras\u0131\" data-name=\"input_text\" id=\"ff_3_input_text\"  aria-invalid=\"false\" aria-required=true><\/div><\/div><div class='ff-el-group'><div class='ff-el-input--content'><textarea aria-required=\"true\" aria-labelledby=\"label_ff_3_message\" name=\"message\" id=\"ff_3_message\" class=\"ff-el-form-control\" placeholder=\"Mesaj\" rows=\"4\" cols=\"2\" data-name=\"message\" ><\/textarea><\/div><\/div><div class='ff-el-group ff-text-right ff_submit_btn_wrapper'><button type=\"submit\" class=\"ff-btn ff-btn-submit ff-btn-md ff_btn_style wpf_has_custom_css\"  aria-label=\"G\u00f6nder\">G\u00f6nder<\/button><\/div><\/fieldset><\/form><div id='fluentform_3_errors' class='ff-errors-in-stack ff_form_instance_3_1 ff-form-loading_errors ff_form_instance_3_1_errors'><\/div><\/div>            <script type=\"text\/javascript\">\n                window.fluent_form_ff_form_instance_3_1 = {\"id\":\"3\",\"settings\":{\"layout\":{\"labelPlacement\":\"top\",\"helpMessagePlacement\":\"with_label\",\"errorMessagePlacement\":\"inline\",\"asteriskPlacement\":\"asterisk-right\"},\"id\":\"39\",\"restrictions\":{\"denyEmptySubmission\":{\"enabled\":false}}},\"form_instance\":\"ff_form_instance_3_1\",\"form_id_selector\":\"fluentform_3\",\"rules\":{\"dropdown\":{\"required\":{\"value\":true,\"message\":\"Bu alan gereklidir\",\"global\":false,\"global_message\":\"This field is required\"}},\"names[first_name]\":{\"required\":{\"value\":false,\"message\":\"This field is required\",\"global\":false,\"global_message\":\"This field is required\"}},\"names[middle_name]\":{\"required\":{\"value\":false,\"message\":\"This field is required\",\"global\":false,\"global_message\":\"This field is required\"}},\"names[last_name]\":{\"required\":{\"value\":false,\"message\":\"This field is required\",\"global\":false,\"global_message\":\"This field is required\"}},\"email\":{\"required\":{\"value\":true,\"message\":\"This field is required\",\"global\":false,\"global_message\":\"This field is required\"},\"email\":{\"value\":true,\"message\":\"Please enter a valid email address.\",\"global\":false,\"global_message\":\"This field must contain a valid email\"}},\"input_text\":{\"required\":{\"value\":true,\"message\":\"This field is required\",\"global\":false,\"global_message\":\"This field is required\"}},\"message\":{\"required\":{\"value\":true,\"message\":\"This field is required\",\"global\":false,\"global_message\":\"This field is required\"}}},\"debounce_time\":300};\n                            <\/script>\n            \n","protected":false},"excerpt":{"rendered":"<p>Cont\u00e1ctenos Nuestro N\u00famero de Tel\u00e9fono ?? +90 544 848 55 85 ?? ?? +90 545 229 16 52 Nuestra Direcci\u00f3n G\u00fcne\u015fli, Ba\u011flar Mahallesi, Yal\u00e7\u0131n Kore\u015f Cd. H Blok No. 14 \u0130\u00e7 Kap\u0131 No: B\/47, 34197 Ba\u011fc\u0131lar\/\u0130stanbul Nuestra Direcci\u00f3n de Correo Electr\u00f3nico info@foreverclinica.com Haga una Cita Gratis H\u00e1gase un favor como miles de invitados de Forever Clinica y haga una cita gratis ahora.<\/p>\n","protected":false},"author":1,"featured_media":0,"parent":0,"menu_order":15,"comment_status":"closed","ping_status":"closed","template":"","meta":{"_acf_changed":false,"_uf_show_specific_survey":0,"_uf_disable_surveys":false,"_joinchat":[],"footnotes":""},"class_list":["post-6758","page","type-page","status-publish","hentry"],"acf":[],"aioseo_notices":[],"_links":{"self":[{"href":"https:\/\/foreverclinica.com\/es\/wp-json\/wp\/v2\/pages\/6758","targetHints":{"allow":["GET"]}}],"collection":[{"href":"https:\/\/foreverclinica.com\/es\/wp-json\/wp\/v2\/pages"}],"about":[{"href":"https:\/\/foreverclinica.com\/es\/wp-json\/wp\/v2\/types\/page"}],"author":[{"embeddable":true,"href":"https:\/\/foreverclinica.com\/es\/wp-json\/wp\/v2\/users\/1"}],"replies":[{"embeddable":true,"href":"https:\/\/foreverclinica.com\/es\/wp-json\/wp\/v2\/comments?post=6758"}],"version-history":[{"count":4,"href":"https:\/\/foreverclinica.com\/es\/wp-json\/wp\/v2\/pages\/6758\/revisions"}],"predecessor-version":[{"id":6793,"href":"https:\/\/foreverclinica.com\/es\/wp-json\/wp\/v2\/pages\/6758\/revisions\/6793"}],"wp:attachment":[{"href":"https:\/\/foreverclinica.com\/es\/wp-json\/wp\/v2\/media?parent=6758"}],"curies":[{"name":"wp","href":"https:\/\/api.w.org\/{rel}","templated":true}]}}