{"id":6685,"date":"2020-05-30T03:47:46","date_gmt":"2020-05-30T00:47:46","guid":{"rendered":"http:\/\/foreverclinica.com\/hakkimizda\/"},"modified":"2024-07-19T10:41:04","modified_gmt":"2024-07-19T07:41:04","slug":"a-propos-de-nous","status":"publish","type":"page","link":"https:\/\/foreverclinica.com\/fr\/a-propos-de-nous\/","title":{"rendered":"\u00c0 Propos De Nous"},"content":{"rendered":"\t\t<div data-elementor-type=\"wp-page\" data-elementor-id=\"6685\" class=\"elementor elementor-6685 elementor-67\">\n\t\t\t\t\t\t<section class=\"elementor-section elementor-top-section elementor-element elementor-element-72437fb dsvy-col-stretched-none dsvy-bg-color-over-image elementor-section-boxed elementor-section-height-default elementor-section-height-default\" data-id=\"72437fb\" data-element_type=\"section\" data-e-type=\"section\">\n\t\t\t\t\t\t<div class=\"elementor-container elementor-column-gap-default\">\n\t\t\t\t\t<div class=\"elementor-column elementor-col-50 elementor-top-column elementor-element elementor-element-b31c194 dsvy-bg-color-over-image\" data-id=\"b31c194\" data-element_type=\"column\" data-e-type=\"column\">\n\t\t\t<div class=\"elementor-widget-wrap elementor-element-populated\">\n\t\t\t\t\t\t<div class=\"elementor-element elementor-element-c999fac elementor-widget elementor-widget-text-editor\" data-id=\"c999fac\" data-element_type=\"widget\" data-e-type=\"widget\" data-widget_type=\"text-editor.default\">\n\t\t\t\t<div class=\"elementor-widget-container\">\n\t\t\t\t\t\t\t\t\t<p><img decoding=\"async\" title=\"\" src=\"http:\/\/foreverclinica.com\/wp-content\/uploads\/2022\/06\/landing_doctors.png\" alt=\"\" \/><\/p>\t\t\t\t\t\t\t\t<\/div>\n\t\t\t\t<\/div>\n\t\t\t\t\t<\/div>\n\t\t<\/div>\n\t\t\t\t<div class=\"elementor-column elementor-col-50 elementor-top-column elementor-element elementor-element-bab9ac9 dsvy-bg-color-over-image\" data-id=\"bab9ac9\" data-element_type=\"column\" data-e-type=\"column\">\n\t\t\t<div class=\"elementor-widget-wrap elementor-element-populated\">\n\t\t\t\t\t\t<div class=\"elementor-element elementor-element-4d33eb elementor-widget elementor-widget-text-editor\" data-id=\"4d33eb\" data-element_type=\"widget\" data-e-type=\"widget\" data-widget_type=\"text-editor.default\">\n\t\t\t\t<div class=\"elementor-widget-container\">\n\t\t\t\t\t\t\t\t\t<p>\u00a0<\/p><h4>Forever Clinica<\/h4><h2>\u00c0 Propos De Nous<\/h2><p>En 2018, nous avons commenc\u00e9 ce voyage et, gr\u00e2ce \u00e0 l&rsquo;exp\u00e9rience et aux comp\u00e9tences acquises au fil des ans, nous avons commenc\u00e9 \u00e0 d\u00e9velopper notre travail avec de plus en plus de passion chaque jour.<\/p><p>Maintenant, en tant que Forever Clinic, nous facilitons des traitements adapt\u00e9s aux besoins et \u00e0 la sant\u00e9 de nos patients.<\/p><p>En nous am\u00e9liorant chaque jour dans notre activit\u00e9, nous travaillons plus dur pour fournir le meilleur service et la plus haute qualit\u00e9 \u00e0 nos pr\u00e9cieux clients.<\/p><p><strong>Les traitements seront effectu\u00e9s dans des \u00e9tablissements de sant\u00e9 sous contrat d\u00e9tenant des licences d&rsquo;autorisation internationales de tourisme de sant\u00e9.<\/strong><\/p>\t\t\t\t\t\t\t\t<\/div>\n\t\t\t\t<\/div>\n\t\t\t\t\t<\/div>\n\t\t<\/div>\n\t\t\t\t\t<\/div>\n\t\t<\/section>\n\t\t\t\t<section class=\"elementor-section elementor-top-section elementor-element elementor-element-1a728fe0 elementor-section-stretched dsvy-fid-sep dsvy-bg-color-yes dsvy-elementor-bg-color-blackish dsvy-bg-image-over-color dsvy-col-stretched-none elementor-section-boxed elementor-section-height-default elementor-section-height-default\" data-id=\"1a728fe0\" data-element_type=\"section\" data-e-type=\"section\" data-settings=\"{&quot;stretch_section&quot;:&quot;section-stretched&quot;,&quot;background_background&quot;:&quot;classic&quot;}\">\n\t\t\t\t\t\t\t<div class=\"elementor-background-overlay\"><\/div>\n\t\t\t\t\t\t\t<div class=\"elementor-container elementor-column-gap-no\">\n\t\t\t\t\t<div class=\"elementor-column elementor-col-25 elementor-top-column elementor-element elementor-element-30665599 dsvy-bg-color-over-image\" data-id=\"30665599\" data-element_type=\"column\" data-e-type=\"column\">\n\t\t\t<div class=\"elementor-widget-wrap elementor-element-populated\">\n\t\t\t\t\t\t<div class=\"elementor-element elementor-element-7a6cd613 elementor-widget elementor-widget-dsvy_fid_element\" data-id=\"7a6cd613\" data-element_type=\"widget\" data-e-type=\"widget\" data-widget_type=\"dsvy_fid_element.default\">\n\t\t\t\t<div class=\"elementor-widget-container\">\n\t\t\t\t\t<div class=\"designervily-ele designervily-ele-fid designervily-ele-fid-style-3 \"><div class=\"dsvy-fld-contents\">\r\n\t<div class=\"dsvy-sbox-icon-wrapper\"><i class=\"dsvy-cardioly-icon dsvy-cardioly-icon-heartbeat\"><\/i><\/div>\t<h4 class=\"dsvy-fid-inner\">\r\n\t\t\t\t<span class=\"dsvy-number-rotate\" data-appear-animation=\"animateDigits\" data-from=\"0\" data-to=\"9000\" data-interval=\"5\" data-before=\"\" data-before-style=\"\" data-after=\"\" data-after-style=\"\">\r\n\t\t\t\t9000\t\t<\/span><span class=\"dsvy-fid-sub\"><sup>+<\/sup><\/span>\r\n\t<\/h4>\r\n\t<span class=\"dsvy-fid-title\">Transaction totale<\/span>\r\n<\/div><!-- .dsvy-fld-contents -->\r\n<\/div>\t\t\t\t<\/div>\n\t\t\t\t<\/div>\n\t\t\t\t\t<\/div>\n\t\t<\/div>\n\t\t\t\t<div class=\"elementor-column elementor-col-25 elementor-top-column elementor-element elementor-element-3d99d072 dsvy-bg-color-over-image\" data-id=\"3d99d072\" data-element_type=\"column\" data-e-type=\"column\">\n\t\t\t<div class=\"elementor-widget-wrap elementor-element-populated\">\n\t\t\t\t\t\t<div class=\"elementor-element elementor-element-2780ec83 elementor-widget elementor-widget-dsvy_fid_element\" data-id=\"2780ec83\" data-element_type=\"widget\" data-e-type=\"widget\" data-widget_type=\"dsvy_fid_element.default\">\n\t\t\t\t<div class=\"elementor-widget-container\">\n\t\t\t\t\t<div class=\"designervily-ele designervily-ele-fid designervily-ele-fid-style-3 \"><div class=\"dsvy-fld-contents\">\r\n\t<div class=\"dsvy-sbox-icon-wrapper\"><i class=\"fas fa-users\"><\/i><\/div>\t<h4 class=\"dsvy-fid-inner\">\r\n\t\t\t\t<span class=\"dsvy-number-rotate\" data-appear-animation=\"animateDigits\" data-from=\"0\" data-to=\"4000\" data-interval=\"5\" data-before=\"\" data-before-style=\"\" data-after=\"\" data-after-style=\"\">\r\n\t\t\t\t4000\t\t<\/span><span class=\"dsvy-fid-sub\"><sup>+<\/sup><\/span>\r\n\t<\/h4>\r\n\t<span class=\"dsvy-fid-title\">Nombre de patients<\/span>\r\n<\/div><!-- .dsvy-fld-contents -->\r\n<\/div>\t\t\t\t<\/div>\n\t\t\t\t<\/div>\n\t\t\t\t\t<\/div>\n\t\t<\/div>\n\t\t\t\t<div class=\"elementor-column elementor-col-25 elementor-top-column elementor-element elementor-element-3deb8839 dsvy-bg-color-over-image\" data-id=\"3deb8839\" data-element_type=\"column\" data-e-type=\"column\">\n\t\t\t<div class=\"elementor-widget-wrap elementor-element-populated\">\n\t\t\t\t\t\t<div class=\"elementor-element elementor-element-57c05fb6 elementor-widget elementor-widget-dsvy_fid_element\" data-id=\"57c05fb6\" data-element_type=\"widget\" data-e-type=\"widget\" data-widget_type=\"dsvy_fid_element.default\">\n\t\t\t\t<div class=\"elementor-widget-container\">\n\t\t\t\t\t<div class=\"designervily-ele designervily-ele-fid designervily-ele-fid-style-3 \"><div class=\"dsvy-fld-contents\">\r\n\t<div class=\"dsvy-sbox-icon-wrapper\"><i class=\"dsvy-cardioly-icon dsvy-cardioly-icon-phone-call\"><\/i><\/div>\t<h4 class=\"dsvy-fid-inner\">\r\n\t\t\t\t<span class=\"dsvy-number-rotate\" data-appear-animation=\"animateDigits\" data-from=\"0\" data-to=\"20000\" data-interval=\"5\" data-before=\"\" data-before-style=\"\" data-after=\"\" data-after-style=\"\">\r\n\t\t\t\t20000\t\t<\/span><span class=\"dsvy-fid-sub\"><sup>+<\/sup><\/span>\r\n\t<\/h4>\r\n\t<span class=\"dsvy-fid-title\">Appel t\u00e9l\u00e9phonique<\/span>\r\n<\/div><!-- .dsvy-fld-contents -->\r\n<\/div>\t\t\t\t<\/div>\n\t\t\t\t<\/div>\n\t\t\t\t\t<\/div>\n\t\t<\/div>\n\t\t\t\t<div class=\"elementor-column elementor-col-25 elementor-top-column elementor-element elementor-element-2973a4ba dsvy-bg-color-over-image\" data-id=\"2973a4ba\" data-element_type=\"column\" data-e-type=\"column\">\n\t\t\t<div class=\"elementor-widget-wrap elementor-element-populated\">\n\t\t\t\t\t\t<div class=\"elementor-element elementor-element-4ab626ba elementor-widget elementor-widget-dsvy_fid_element\" data-id=\"4ab626ba\" data-element_type=\"widget\" data-e-type=\"widget\" data-widget_type=\"dsvy_fid_element.default\">\n\t\t\t\t<div class=\"elementor-widget-container\">\n\t\t\t\t\t<div class=\"designervily-ele designervily-ele-fid designervily-ele-fid-style-3 \"><div class=\"dsvy-fld-contents\">\r\n\t<div class=\"dsvy-sbox-icon-wrapper\"><i class=\"far fa-smile-beam\"><\/i><\/div>\t<h4 class=\"dsvy-fid-inner\">\r\n\t\t\t\t<span class=\"dsvy-number-rotate\" data-appear-animation=\"animateDigits\" data-from=\"0\" data-to=\"100\" data-interval=\"5\" data-before=\"\" data-before-style=\"\" data-after=\"\" data-after-style=\"\">\r\n\t\t\t\t100\t\t<\/span><span class=\"dsvy-fid-sub\"><sup>%<\/sup><\/span>\r\n\t<\/h4>\r\n\t<span class=\"dsvy-fid-title\">Le bonheur des clients<\/span>\r\n<\/div><!-- .dsvy-fld-contents -->\r\n<\/div>\t\t\t\t<\/div>\n\t\t\t\t<\/div>\n\t\t\t\t\t<\/div>\n\t\t<\/div>\n\t\t\t\t\t<\/div>\n\t\t<\/section>\n\t\t\t\t<\/div>\n\t\t","protected":false},"excerpt":{"rendered":"<p>\u00a0 Forever Clinica \u00c0 Propos De Nous En 2018, nous avons commenc\u00e9 ce voyage et, gr\u00e2ce \u00e0 l&rsquo;exp\u00e9rience et aux comp\u00e9tences acquises au fil des ans, nous avons commenc\u00e9 \u00e0 d\u00e9velopper notre travail avec de plus en plus de passion chaque jour. Maintenant, en tant que Forever Clinic, nous facilitons des traitements adapt\u00e9s aux besoins et \u00e0 la sant\u00e9 de nos patients. En nous am\u00e9liorant chaque jour dans notre activit\u00e9,[&hellip;]<\/p>\n","protected":false},"author":1,"featured_media":0,"parent":0,"menu_order":4,"comment_status":"closed","ping_status":"closed","template":"elementor_header_footer","meta":{"_acf_changed":false,"_uf_show_specific_survey":0,"_uf_disable_surveys":false,"_joinchat":[],"footnotes":""},"class_list":["post-6685","page","type-page","status-publish","hentry"],"acf":[],"aioseo_notices":[],"_links":{"self":[{"href":"https:\/\/foreverclinica.com\/fr\/wp-json\/wp\/v2\/pages\/6685","targetHints":{"allow":["GET"]}}],"collection":[{"href":"https:\/\/foreverclinica.com\/fr\/wp-json\/wp\/v2\/pages"}],"about":[{"href":"https:\/\/foreverclinica.com\/fr\/wp-json\/wp\/v2\/types\/page"}],"author":[{"embeddable":true,"href":"https:\/\/foreverclinica.com\/fr\/wp-json\/wp\/v2\/users\/1"}],"replies":[{"embeddable":true,"href":"https:\/\/foreverclinica.com\/fr\/wp-json\/wp\/v2\/comments?post=6685"}],"version-history":[{"count":10,"href":"https:\/\/foreverclinica.com\/fr\/wp-json\/wp\/v2\/pages\/6685\/revisions"}],"predecessor-version":[{"id":12191,"href":"https:\/\/foreverclinica.com\/fr\/wp-json\/wp\/v2\/pages\/6685\/revisions\/12191"}],"wp:attachment":[{"href":"https:\/\/foreverclinica.com\/fr\/wp-json\/wp\/v2\/media?parent=6685"}],"curies":[{"name":"wp","href":"https:\/\/api.w.org\/{rel}","templated":true}]}}