{"id":6753,"date":"2020-06-03T09:25:39","date_gmt":"2020-06-03T06:25:39","guid":{"rendered":"http:\/\/foreverclinica.com\/iletisim\/"},"modified":"2024-07-22T14:41:43","modified_gmt":"2024-07-22T11:41:43","slug":"contactez-nous","status":"publish","type":"page","link":"https:\/\/foreverclinica.com\/fr\/contactez-nous\/","title":{"rendered":"Contactez-Nous"},"content":{"rendered":"\t\t<div data-elementor-type=\"wp-page\" data-elementor-id=\"6753\" class=\"elementor elementor-6753 elementor-61\">\n\t\t\t\t\t\t<div class=\"elementor-section elementor-top-section elementor-element elementor-element-360f663 elementor-section-full_width elementor-section-stretched dsvy-col-stretched-none dsvy-bg-color-over-image elementor-section-height-default elementor-section-height-default\" data-id=\"360f663\" data-element_type=\"section\" data-e-type=\"section\" data-settings=\"{&quot;stretch_section&quot;:&quot;section-stretched&quot;}\">\n\t\t\t\t\t\t<div class=\"elementor-container elementor-column-gap-no\">\n\t\t\t\t\t<div class=\"elementor-column elementor-col-100 elementor-top-column elementor-element elementor-element-365a417b dsvy-bg-color-over-image\" data-id=\"365a417b\" data-element_type=\"column\" data-e-type=\"column\">\n\t\t\t<div class=\"elementor-widget-wrap elementor-element-populated\">\n\t\t\t\t\t\t<div class=\"elementor-element elementor-element-44895ff1 elementor-widget elementor-widget-text-editor\" data-id=\"44895ff1\" data-element_type=\"widget\" data-e-type=\"widget\" data-widget_type=\"text-editor.default\">\n\t\t\t\t<div class=\"elementor-widget-container\">\n\t\t\t\t\t\t\t\t\t<iframe loading=\"lazy\"\n\t\t\t\t\tsrc=\"https:\/\/maps.google.com\/maps?q=Suryap%C4%B1%20Corridor&#038;t=m&#038;z=15&#038;output=embed&#038;iwloc=near\"\n\t\t\t\t\ttitle=\"Suryap\u0131 Corridor\"\n\t\t\t\t\taria-label=\"Suryap\u0131 Corridor\"\n\t\t\t><\/iframe>\n\t\t\t<h3>Contactez-nous<\/h3>\t\t\n\t\t<h2>\n\t\t\t\t\t\tNotre num\u00e9ro de t\u00e9l\u00e9phone\n\t\t\t\t\t<\/h2>\n\t\t\t\t\t\t\t\t?? +90 544 848 55 85<br>\n?? ?? +90 545 229 16 52\t\t\t\n\t\t<h2>\n\t\t\t\t\t\tNotre adresse\n\t\t\t\t\t<\/h2>\n\t\t\t\t\t\t\t\tG\u00fcne\u015fli, Ba\u011flar Mahallesi, Yal\u00e7\u0131n Kore\u015f Cd. H Blok No. 14 \u0130\u00e7 Kap\u0131 No: B\/47, 34197 Ba\u011fc\u0131lar\/\u0130stanbul\t\t\t\n\t\t<h2>\n\t\t\t\t\t\tNotre adresse e-mail\n\t\t\t\t\t<\/h2>\n\t\t\t\t\t\t\t\tinfo@foreverclinica.com\t\t\t\n\t\t\t\t\n\t\t\t<h3>Formulaire de Rendez-vous En Ligne<\/h3>\t\t\n\t\t<p>Faites-vous plaisir comme des milliers d\u2019invit\u00e9s de Forever Clinica et prenez rendez-vous gratuitement d\u00e8s maintenant.<\/p><div class='fluentform ff-default fluentform_wrapper_3 ffs_default_wrap'><form data-form_id=\"3\" id=\"fluentform_3\" class=\"frm-fluent-form fluent_form_3 ff-el-form-top ff_form_instance_3_1 ff-form-loading ffs_default\" data-form_instance=\"ff_form_instance_3_1\" method=\"POST\" ><fieldset  style=\"border: none!important;margin: 0!important;padding: 0!important;background-color: transparent!important;box-shadow: none!important;outline: none!important; min-inline-size: 100%;\">\n                    <legend class=\"ff_screen_reader_title\" style=\"display: block; margin: 0!important;padding: 0!important;height: 0!important;text-indent: -999999px;width: 0!important;overflow:hidden;\">T\u00fcrk\u00e7e \u0130leti\u015fim Formu<\/legend><input type='hidden' name='__fluent_form_embded_post_id' value='6753' \/><input type=\"hidden\" id=\"_fluentform_3_fluentformnonce\" name=\"_fluentform_3_fluentformnonce\" value=\"d71c8995a2\" \/><input type=\"hidden\" name=\"_wp_http_referer\" value=\"\/fr\/wp-json\/wp\/v2\/pages\/6753\" \/><div class='ff-el-group'><div class='ff-el-input--content'><select name=\"dropdown\" id=\"ff_3_dropdown\" class=\"ff-el-form-control\" data-name=\"dropdown\" data-calc_value=\"0\"  aria-invalid=\"false\" aria-required=\"true\" aria-labelledby=\"label_ff_3_dropdown\"><option value=\"\">Operasyon Se\u00e7<\/option><option value=\"Sa\u00e7 Ekimi\"  >Sa\u00e7 Ekimi<\/option><option value=\"Rinoplasti (Burun Esteti\u011fi)\"  >Rinoplasti (Burun Esteti\u011fi)<\/option><option value=\"Meme Esteti\u011fi\"  >Meme Esteti\u011fi<\/option><option value=\"Di\u015f Tedavileri\"  >Di\u015f Tedavileri<\/option><option value=\"Liposuction (Ya\u011f Ald\u0131rma)\"  >Liposuction (Ya\u011f Ald\u0131rma)<\/option><option value=\"BBL (Brezilya Kal\u00e7a Kald\u0131rma)\"  >BBL (Brezilya Kal\u00e7a Kald\u0131rma)<\/option><option value=\"T\u00fcp Bebek (IVF)\"  >T\u00fcp Bebek (IVF)<\/option><option value=\"Obezite\"  >Obezite<\/option><option value=\"Mide K\u00fc\u00e7\u00fcltme Ameliyat\u0131 (Gastric Sleeve)\"  >Mide K\u00fc\u00e7\u00fcltme Ameliyat\u0131 (Gastric Sleeve)<\/option><option value=\"Di\u011fer\"  >Di\u011fer<\/option><\/select><\/div><\/div><div data-name=\"ff_cn_id_1\"  class='ff-t-container ff-column-container ff_columns_total_2 '><div class='ff-t-cell ff-t-column-1' style='flex-basis: 50%;'><div data-type=\"name-element\" data-name=\"names\" class=\" ff-field_container ff-name-field-wrapper\" ><div class='ff-t-container'><div class='ff-t-cell '><div class='ff-el-group'><div class='ff-el-input--content'><input type=\"text\" name=\"names[first_name]\" id=\"ff_3_names_first_name_\" class=\"ff-el-form-control\" placeholder=\"Ad Soyad\" aria-invalid=\"false\" aria-required=false><\/div><\/div><\/div><\/div><\/div><\/div><div class='ff-t-cell ff-t-column-2' style='flex-basis: 50%;'><div class='ff-el-group'><div class='ff-el-input--content'><input type=\"email\" name=\"email\" id=\"ff_3_email\" class=\"ff-el-form-control\" placeholder=\"E-Mail\" data-name=\"email\"  aria-invalid=\"false\" aria-required=true><\/div><\/div><\/div><\/div><div class='ff-el-group'><div class='ff-el-input--content'><input type=\"text\" name=\"input_text\" class=\"ff-el-form-control\" placeholder=\"Telefon Numaras\u0131\" data-name=\"input_text\" id=\"ff_3_input_text\"  aria-invalid=\"false\" aria-required=true><\/div><\/div><div class='ff-el-group'><div class='ff-el-input--content'><textarea aria-required=\"true\" aria-labelledby=\"label_ff_3_message\" name=\"message\" id=\"ff_3_message\" class=\"ff-el-form-control\" placeholder=\"Mesaj\" rows=\"4\" cols=\"2\" data-name=\"message\" ><\/textarea><\/div><\/div><div class='ff-el-group ff-text-right ff_submit_btn_wrapper'><button type=\"submit\" class=\"ff-btn ff-btn-submit ff-btn-md ff_btn_style wpf_has_custom_css\"  aria-label=\"G\u00f6nder\">G\u00f6nder<\/button><\/div><\/fieldset><\/form><div id='fluentform_3_errors' class='ff-errors-in-stack ff_form_instance_3_1 ff-form-loading_errors ff_form_instance_3_1_errors'><\/div><\/div>            <script type=\"text\/javascript\">\n                window.fluent_form_ff_form_instance_3_1 = {\"id\":\"3\",\"settings\":{\"layout\":{\"labelPlacement\":\"top\",\"helpMessagePlacement\":\"with_label\",\"errorMessagePlacement\":\"inline\",\"asteriskPlacement\":\"asterisk-right\"},\"id\":\"39\",\"restrictions\":{\"denyEmptySubmission\":{\"enabled\":false}}},\"form_instance\":\"ff_form_instance_3_1\",\"form_id_selector\":\"fluentform_3\",\"rules\":{\"dropdown\":{\"required\":{\"value\":true,\"message\":\"Bu alan gereklidir\",\"global\":false,\"global_message\":\"This field is required\"}},\"names[first_name]\":{\"required\":{\"value\":false,\"message\":\"This field is required\",\"global\":false,\"global_message\":\"This field is required\"}},\"names[middle_name]\":{\"required\":{\"value\":false,\"message\":\"This field is required\",\"global\":false,\"global_message\":\"This field is required\"}},\"names[last_name]\":{\"required\":{\"value\":false,\"message\":\"This field is required\",\"global\":false,\"global_message\":\"This field is required\"}},\"email\":{\"required\":{\"value\":true,\"message\":\"This field is required\",\"global\":false,\"global_message\":\"This field is required\"},\"email\":{\"value\":true,\"message\":\"Please enter a valid email address.\",\"global\":false,\"global_message\":\"This field must contain a valid email\"}},\"input_text\":{\"required\":{\"value\":true,\"message\":\"This field is required\",\"global\":false,\"global_message\":\"This field is required\"}},\"message\":{\"required\":{\"value\":true,\"message\":\"This field is required\",\"global\":false,\"global_message\":\"This field is required\"}}},\"debounce_time\":300};\n                            <\/script>\n            \t\t\t\t\t\t\t\t<\/div>\n\t\t\t\t<\/div>\n\t\t\t\t\t<\/div>\n\t\t<\/div>\n\t\t\t\t\t<\/div>\n\t\t<\/div>\n\t\t\t\t<\/div>\n\t\t","protected":false},"excerpt":{"rendered":"<p>Contactez-nous Notre num\u00e9ro de t\u00e9l\u00e9phone ?? +90 544 848 55 85 ?? ?? +90 545 229 16 52 Notre adresse G\u00fcne\u015fli, Ba\u011flar Mahallesi, Yal\u00e7\u0131n Kore\u015f Cd. H Blok No. 14 \u0130\u00e7 Kap\u0131 No: B\/47, 34197 Ba\u011fc\u0131lar\/\u0130stanbul Notre adresse e-mail info@foreverclinica.com Formulaire de Rendez-vous En Ligne Faites-vous plaisir comme des milliers d\u2019invit\u00e9s de Forever Clinica et prenez rendez-vous gratuitement d\u00e8s maintenant.<\/p>\n","protected":false},"author":1,"featured_media":0,"parent":0,"menu_order":15,"comment_status":"closed","ping_status":"closed","template":"","meta":{"_acf_changed":false,"_uf_show_specific_survey":0,"_uf_disable_surveys":false,"_joinchat":[],"footnotes":""},"class_list":["post-6753","page","type-page","status-publish","hentry"],"acf":[],"aioseo_notices":[],"_links":{"self":[{"href":"https:\/\/foreverclinica.com\/fr\/wp-json\/wp\/v2\/pages\/6753","targetHints":{"allow":["GET"]}}],"collection":[{"href":"https:\/\/foreverclinica.com\/fr\/wp-json\/wp\/v2\/pages"}],"about":[{"href":"https:\/\/foreverclinica.com\/fr\/wp-json\/wp\/v2\/types\/page"}],"author":[{"embeddable":true,"href":"https:\/\/foreverclinica.com\/fr\/wp-json\/wp\/v2\/users\/1"}],"replies":[{"embeddable":true,"href":"https:\/\/foreverclinica.com\/fr\/wp-json\/wp\/v2\/comments?post=6753"}],"version-history":[{"count":7,"href":"https:\/\/foreverclinica.com\/fr\/wp-json\/wp\/v2\/pages\/6753\/revisions"}],"predecessor-version":[{"id":12411,"href":"https:\/\/foreverclinica.com\/fr\/wp-json\/wp\/v2\/pages\/6753\/revisions\/12411"}],"wp:attachment":[{"href":"https:\/\/foreverclinica.com\/fr\/wp-json\/wp\/v2\/media?parent=6753"}],"curies":[{"name":"wp","href":"https:\/\/api.w.org\/{rel}","templated":true}]}}