{"id":6687,"date":"2020-05-30T03:47:46","date_gmt":"2020-05-30T00:47:46","guid":{"rendered":"http:\/\/foreverclinica.com\/hakkimizda\/"},"modified":"2024-07-19T10:59:39","modified_gmt":"2024-07-19T07:59:39","slug":"chi-siamo","status":"publish","type":"page","link":"https:\/\/foreverclinica.com\/it\/chi-siamo\/","title":{"rendered":"Chi Siamo"},"content":{"rendered":"\t\t<div data-elementor-type=\"wp-page\" data-elementor-id=\"6687\" class=\"elementor elementor-6687 elementor-67\">\n\t\t\t\t\t\t<section class=\"elementor-section elementor-top-section elementor-element elementor-element-412d4a69 dsvy-col-stretched-none dsvy-bg-color-over-image elementor-section-boxed elementor-section-height-default elementor-section-height-default\" data-id=\"412d4a69\" data-element_type=\"section\" data-e-type=\"section\">\n\t\t\t\t\t\t<div class=\"elementor-container elementor-column-gap-default\">\n\t\t\t\t\t<div class=\"elementor-column elementor-col-100 elementor-top-column elementor-element elementor-element-4053bba0 dsvy-bg-color-over-image\" data-id=\"4053bba0\" data-element_type=\"column\" data-e-type=\"column\">\n\t\t\t<div class=\"elementor-widget-wrap\">\n\t\t\t\t\t\t\t<\/div>\n\t\t<\/div>\n\t\t\t\t\t<\/div>\n\t\t<\/section>\n\t\t\t\t<section class=\"elementor-section elementor-top-section elementor-element elementor-element-d2468ff dsvy-col-stretched-none dsvy-bg-color-over-image elementor-section-boxed elementor-section-height-default elementor-section-height-default\" data-id=\"d2468ff\" data-element_type=\"section\" data-e-type=\"section\">\n\t\t\t\t\t\t<div class=\"elementor-container elementor-column-gap-default\">\n\t\t\t\t\t<div class=\"elementor-column elementor-col-50 elementor-top-column elementor-element elementor-element-fad398e dsvy-bg-color-over-image\" data-id=\"fad398e\" data-element_type=\"column\" data-e-type=\"column\">\n\t\t\t<div class=\"elementor-widget-wrap elementor-element-populated\">\n\t\t\t\t\t\t<div class=\"elementor-element elementor-element-e142ba8 elementor-widget elementor-widget-text-editor\" data-id=\"e142ba8\" data-element_type=\"widget\" data-e-type=\"widget\" data-widget_type=\"text-editor.default\">\n\t\t\t\t<div class=\"elementor-widget-container\">\n\t\t\t\t\t\t\t\t\t<img decoding=\"async\" title=\"\" src=\"http:\/\/foreverclinica.com\/wp-content\/uploads\/2022\/06\/landing_doctors.png\" alt=\"\" \/>\t\t\t\t\t\t\t\t<\/div>\n\t\t\t\t<\/div>\n\t\t\t\t\t<\/div>\n\t\t<\/div>\n\t\t\t\t<div class=\"elementor-column elementor-col-50 elementor-top-column elementor-element elementor-element-0e0fcff dsvy-bg-color-over-image\" data-id=\"0e0fcff\" data-element_type=\"column\" data-e-type=\"column\">\n\t\t\t<div class=\"elementor-widget-wrap elementor-element-populated\">\n\t\t\t\t\t\t<div class=\"elementor-element elementor-element-5cadbdef elementor-widget elementor-widget-text-editor\" data-id=\"5cadbdef\" data-element_type=\"widget\" data-e-type=\"widget\" data-widget_type=\"text-editor.default\">\n\t\t\t\t<div class=\"elementor-widget-container\">\n\t\t\t\t\t\t\t\t\t<h4>Forever Clinica<\/h4><h2>Chi Siamo<\/h2><p>In questo viaggio che abbiamo iniziato nel 2018, abbiamo cominciato a sviluppare il nostro lavoro ogni giorno con sempre pi\u00f9 passione, grazie all&#8217;esperienza e alla competenza acquisite nel corso degli anni.<\/p><p>Ora, come Forever Clinic, facilitiamo trattamenti adatti ai bisogni e alla salute dei nostri pazienti.<\/p><p>Migliorandoci ogni giorno nella nostra attivit\u00e0, lavoriamo di pi\u00f9 per fornire il servizio migliore e di massima qualit\u00e0 ai nostri stimati ospiti.<\/p><p><strong>Le cure verranno effettuate presso strutture sanitarie convenzionate titolari di licenze di autorizzazione internazionale al turismo sanitario<\/strong><\/p>\t\t\t\t\t\t\t\t<\/div>\n\t\t\t\t<\/div>\n\t\t\t\t\t<\/div>\n\t\t<\/div>\n\t\t\t\t\t<\/div>\n\t\t<\/section>\n\t\t\t\t<section class=\"elementor-section elementor-top-section elementor-element elementor-element-7535be46 elementor-section-stretched dsvy-fid-sep dsvy-bg-color-yes dsvy-elementor-bg-color-blackish dsvy-bg-image-over-color dsvy-col-stretched-none elementor-section-boxed elementor-section-height-default elementor-section-height-default\" data-id=\"7535be46\" data-element_type=\"section\" data-e-type=\"section\" data-settings=\"{&quot;stretch_section&quot;:&quot;section-stretched&quot;,&quot;background_background&quot;:&quot;classic&quot;}\">\n\t\t\t\t\t\t\t<div class=\"elementor-background-overlay\"><\/div>\n\t\t\t\t\t\t\t<div class=\"elementor-container elementor-column-gap-no\">\n\t\t\t\t\t<div class=\"elementor-column elementor-col-25 elementor-top-column elementor-element elementor-element-701fbb6a dsvy-bg-color-over-image\" data-id=\"701fbb6a\" data-element_type=\"column\" data-e-type=\"column\">\n\t\t\t<div class=\"elementor-widget-wrap elementor-element-populated\">\n\t\t\t\t\t\t<div class=\"elementor-element elementor-element-7afce91f elementor-widget elementor-widget-dsvy_fid_element\" data-id=\"7afce91f\" data-element_type=\"widget\" data-e-type=\"widget\" data-widget_type=\"dsvy_fid_element.default\">\n\t\t\t\t<div class=\"elementor-widget-container\">\n\t\t\t\t\t<div class=\"designervily-ele designervily-ele-fid designervily-ele-fid-style-3 \"><div class=\"dsvy-fld-contents\">\r\n\t<div class=\"dsvy-sbox-icon-wrapper\"><i class=\"dsvy-cardioly-icon dsvy-cardioly-icon-heartbeat\"><\/i><\/div>\t<h4 class=\"dsvy-fid-inner\">\r\n\t\t\t\t<span class=\"dsvy-number-rotate\" data-appear-animation=\"animateDigits\" data-from=\"0\" data-to=\"9000\" data-interval=\"5\" data-before=\"\" data-before-style=\"\" data-after=\"\" data-after-style=\"\">\r\n\t\t\t\t9000\t\t<\/span><span class=\"dsvy-fid-sub\"><sup>+<\/sup><\/span>\r\n\t<\/h4>\r\n\t<span class=\"dsvy-fid-title\">Transazione totale<\/span>\r\n<\/div><!-- .dsvy-fld-contents -->\r\n<\/div>\t\t\t\t<\/div>\n\t\t\t\t<\/div>\n\t\t\t\t\t<\/div>\n\t\t<\/div>\n\t\t\t\t<div class=\"elementor-column elementor-col-25 elementor-top-column elementor-element elementor-element-50eade67 dsvy-bg-color-over-image\" data-id=\"50eade67\" data-element_type=\"column\" data-e-type=\"column\">\n\t\t\t<div class=\"elementor-widget-wrap elementor-element-populated\">\n\t\t\t\t\t\t<div class=\"elementor-element elementor-element-7cdb6f56 elementor-widget elementor-widget-dsvy_fid_element\" data-id=\"7cdb6f56\" data-element_type=\"widget\" data-e-type=\"widget\" data-widget_type=\"dsvy_fid_element.default\">\n\t\t\t\t<div class=\"elementor-widget-container\">\n\t\t\t\t\t<div class=\"designervily-ele designervily-ele-fid designervily-ele-fid-style-3 \"><div class=\"dsvy-fld-contents\">\r\n\t<div class=\"dsvy-sbox-icon-wrapper\"><i class=\"fas fa-users\"><\/i><\/div>\t<h4 class=\"dsvy-fid-inner\">\r\n\t\t\t\t<span class=\"dsvy-number-rotate\" data-appear-animation=\"animateDigits\" data-from=\"0\" data-to=\"4000\" data-interval=\"5\" data-before=\"\" data-before-style=\"\" data-after=\"\" data-after-style=\"\">\r\n\t\t\t\t4000\t\t<\/span><span class=\"dsvy-fid-sub\"><sup>+<\/sup><\/span>\r\n\t<\/h4>\r\n\t<span class=\"dsvy-fid-title\">Numero di pazienti<\/span>\r\n<\/div><!-- .dsvy-fld-contents -->\r\n<\/div>\t\t\t\t<\/div>\n\t\t\t\t<\/div>\n\t\t\t\t\t<\/div>\n\t\t<\/div>\n\t\t\t\t<div class=\"elementor-column elementor-col-25 elementor-top-column elementor-element elementor-element-2260a50e dsvy-bg-color-over-image\" data-id=\"2260a50e\" data-element_type=\"column\" data-e-type=\"column\">\n\t\t\t<div class=\"elementor-widget-wrap elementor-element-populated\">\n\t\t\t\t\t\t<div class=\"elementor-element elementor-element-495978f4 elementor-widget elementor-widget-dsvy_fid_element\" data-id=\"495978f4\" data-element_type=\"widget\" data-e-type=\"widget\" data-widget_type=\"dsvy_fid_element.default\">\n\t\t\t\t<div class=\"elementor-widget-container\">\n\t\t\t\t\t<div class=\"designervily-ele designervily-ele-fid designervily-ele-fid-style-3 \"><div class=\"dsvy-fld-contents\">\r\n\t<div class=\"dsvy-sbox-icon-wrapper\"><i class=\"dsvy-cardioly-icon dsvy-cardioly-icon-phone-call\"><\/i><\/div>\t<h4 class=\"dsvy-fid-inner\">\r\n\t\t\t\t<span class=\"dsvy-number-rotate\" data-appear-animation=\"animateDigits\" data-from=\"0\" data-to=\"20000\" data-interval=\"5\" data-before=\"\" data-before-style=\"\" data-after=\"\" data-after-style=\"\">\r\n\t\t\t\t20000\t\t<\/span><span class=\"dsvy-fid-sub\"><sup>+<\/sup><\/span>\r\n\t<\/h4>\r\n\t<span class=\"dsvy-fid-title\">Telefonata<\/span>\r\n<\/div><!-- .dsvy-fld-contents -->\r\n<\/div>\t\t\t\t<\/div>\n\t\t\t\t<\/div>\n\t\t\t\t\t<\/div>\n\t\t<\/div>\n\t\t\t\t<div class=\"elementor-column elementor-col-25 elementor-top-column elementor-element elementor-element-d02721c dsvy-bg-color-over-image\" data-id=\"d02721c\" data-element_type=\"column\" data-e-type=\"column\">\n\t\t\t<div class=\"elementor-widget-wrap elementor-element-populated\">\n\t\t\t\t\t\t<div class=\"elementor-element elementor-element-4fa3079 elementor-widget elementor-widget-dsvy_fid_element\" data-id=\"4fa3079\" data-element_type=\"widget\" data-e-type=\"widget\" data-widget_type=\"dsvy_fid_element.default\">\n\t\t\t\t<div class=\"elementor-widget-container\">\n\t\t\t\t\t<div class=\"designervily-ele designervily-ele-fid designervily-ele-fid-style-3 \"><div class=\"dsvy-fld-contents\">\r\n\t<div class=\"dsvy-sbox-icon-wrapper\"><i class=\"far fa-smile-beam\"><\/i><\/div>\t<h4 class=\"dsvy-fid-inner\">\r\n\t\t\t\t<span class=\"dsvy-number-rotate\" data-appear-animation=\"animateDigits\" data-from=\"0\" data-to=\"100\" data-interval=\"5\" data-before=\"\" data-before-style=\"\" data-after=\"\" data-after-style=\"\">\r\n\t\t\t\t100\t\t<\/span><span class=\"dsvy-fid-sub\"><sup>%<\/sup><\/span>\r\n\t<\/h4>\r\n\t<span class=\"dsvy-fid-title\">Felicit\u00e0 del cliente<\/span>\r\n<\/div><!-- .dsvy-fld-contents -->\r\n<\/div>\t\t\t\t<\/div>\n\t\t\t\t<\/div>\n\t\t\t\t\t<\/div>\n\t\t<\/div>\n\t\t\t\t\t<\/div>\n\t\t<\/section>\n\t\t\t\t<\/div>\n\t\t","protected":false},"excerpt":{"rendered":"<p>Forever Clinica Chi Siamo In questo viaggio che abbiamo iniziato nel 2018, abbiamo cominciato a sviluppare il nostro lavoro ogni giorno con sempre pi\u00f9 passione, grazie all&#8217;esperienza e alla competenza acquisite nel corso degli anni. Ora, come Forever Clinic, facilitiamo trattamenti adatti ai bisogni e alla salute dei nostri pazienti. Migliorandoci ogni giorno nella nostra attivit\u00e0, lavoriamo di pi\u00f9 per fornire il servizio migliore e di massima qualit\u00e0 ai nostri[&hellip;]<\/p>\n","protected":false},"author":1,"featured_media":0,"parent":0,"menu_order":4,"comment_status":"closed","ping_status":"closed","template":"elementor_header_footer","meta":{"_acf_changed":false,"_uf_show_specific_survey":0,"_uf_disable_surveys":false,"_joinchat":[],"footnotes":""},"class_list":["post-6687","page","type-page","status-publish","hentry"],"acf":[],"aioseo_notices":[],"_links":{"self":[{"href":"https:\/\/foreverclinica.com\/it\/wp-json\/wp\/v2\/pages\/6687","targetHints":{"allow":["GET"]}}],"collection":[{"href":"https:\/\/foreverclinica.com\/it\/wp-json\/wp\/v2\/pages"}],"about":[{"href":"https:\/\/foreverclinica.com\/it\/wp-json\/wp\/v2\/types\/page"}],"author":[{"embeddable":true,"href":"https:\/\/foreverclinica.com\/it\/wp-json\/wp\/v2\/users\/1"}],"replies":[{"embeddable":true,"href":"https:\/\/foreverclinica.com\/it\/wp-json\/wp\/v2\/comments?post=6687"}],"version-history":[{"count":10,"href":"https:\/\/foreverclinica.com\/it\/wp-json\/wp\/v2\/pages\/6687\/revisions"}],"predecessor-version":[{"id":12198,"href":"https:\/\/foreverclinica.com\/it\/wp-json\/wp\/v2\/pages\/6687\/revisions\/12198"}],"wp:attachment":[{"href":"https:\/\/foreverclinica.com\/it\/wp-json\/wp\/v2\/media?parent=6687"}],"curies":[{"name":"wp","href":"https:\/\/api.w.org\/{rel}","templated":true}]}}