{"id":6688,"date":"2020-05-30T03:47:46","date_gmt":"2020-05-30T00:47:46","guid":{"rendered":"http:\/\/foreverclinica.com\/hakkimizda\/"},"modified":"2024-07-19T11:05:55","modified_gmt":"2024-07-19T08:05:55","slug":"despre-noi","status":"publish","type":"page","link":"https:\/\/foreverclinica.com\/ro\/despre-noi\/","title":{"rendered":"Despre Noi"},"content":{"rendered":"\t\t<div data-elementor-type=\"wp-page\" data-elementor-id=\"6688\" class=\"elementor elementor-6688 elementor-67\">\n\t\t\t\t\t\t<section class=\"elementor-section elementor-top-section elementor-element elementor-element-cc46d33 dsvy-col-stretched-none dsvy-bg-color-over-image elementor-section-boxed elementor-section-height-default elementor-section-height-default\" data-id=\"cc46d33\" data-element_type=\"section\" data-e-type=\"section\">\n\t\t\t\t\t\t<div class=\"elementor-container elementor-column-gap-default\">\n\t\t\t\t\t<div class=\"elementor-column elementor-col-100 elementor-top-column elementor-element elementor-element-420eeb15 dsvy-bg-color-over-image\" data-id=\"420eeb15\" data-element_type=\"column\" data-e-type=\"column\">\n\t\t\t<div class=\"elementor-widget-wrap\">\n\t\t\t\t\t\t\t<\/div>\n\t\t<\/div>\n\t\t\t\t\t<\/div>\n\t\t<\/section>\n\t\t\t\t<section class=\"elementor-section elementor-top-section elementor-element elementor-element-e5b30f5 dsvy-col-stretched-none dsvy-bg-color-over-image elementor-section-boxed elementor-section-height-default elementor-section-height-default\" data-id=\"e5b30f5\" data-element_type=\"section\" data-e-type=\"section\">\n\t\t\t\t\t\t<div class=\"elementor-container elementor-column-gap-default\">\n\t\t\t\t\t<div class=\"elementor-column elementor-col-50 elementor-top-column elementor-element elementor-element-d8a81f0 dsvy-bg-color-over-image\" data-id=\"d8a81f0\" data-element_type=\"column\" data-e-type=\"column\">\n\t\t\t<div class=\"elementor-widget-wrap elementor-element-populated\">\n\t\t\t\t\t\t<div class=\"elementor-element elementor-element-d2460de elementor-widget elementor-widget-text-editor\" data-id=\"d2460de\" data-element_type=\"widget\" data-e-type=\"widget\" data-widget_type=\"text-editor.default\">\n\t\t\t\t<div class=\"elementor-widget-container\">\n\t\t\t\t\t\t\t\t\t<p><img decoding=\"async\" title=\"\" src=\"http:\/\/foreverclinica.com\/wp-content\/uploads\/2022\/06\/landing_doctors.png\" alt=\"\" \/><\/p><p>\u00a0<\/p>\t\t\t\t\t\t\t\t<\/div>\n\t\t\t\t<\/div>\n\t\t\t\t\t<\/div>\n\t\t<\/div>\n\t\t\t\t<div class=\"elementor-column elementor-col-50 elementor-top-column elementor-element elementor-element-19a5df6 dsvy-bg-color-over-image\" data-id=\"19a5df6\" data-element_type=\"column\" data-e-type=\"column\">\n\t\t\t<div class=\"elementor-widget-wrap elementor-element-populated\">\n\t\t\t\t\t\t<div class=\"elementor-element elementor-element-7fd15e4a elementor-widget elementor-widget-text-editor\" data-id=\"7fd15e4a\" data-element_type=\"widget\" data-e-type=\"widget\" data-widget_type=\"text-editor.default\">\n\t\t\t\t<div class=\"elementor-widget-container\">\n\t\t\t\t\t\t\t\t\t<p>\u00a0<\/p><h4>Forever Clinica<\/h4><h2>Despre Noi<\/h2><p>\u00cen aceast\u0103 c\u0103l\u0103torie pe care am \u00eenceput-o \u00een 2018, am \u00eenceput s\u0103 ne dezvolt\u0103m munca \u00een fiecare zi cu tot mai mult\u0103 pasiune, datorit\u0103 experien\u021bei \u0219i expertizei dob\u00e2ndite de-a lungul anilor.<\/p><p>Acum, ca Forever Clinic, facilit\u0103m tratamente adaptate nevoilor \u0219i s\u0103n\u0103t\u0103\u021bii pacien\u021bilor no\u0219tri.<\/p><p>\u00cembun\u0103t\u0103\u021bindu-ne \u00een afacerea noastr\u0103 \u00een fiecare zi, muncim mai mult pentru a oferi servicii de cea mai bun\u0103 calitate oaspe\u021bilor no\u0219tri valoro\u0219i.<\/p><p><strong>Tratamentele vor fi efectuate la institu\u021biile medicale contractate care de\u021bin licen\u021be interna\u021bionale de autorizare a turismului de s\u0103n\u0103tate<\/strong><\/p>\t\t\t\t\t\t\t\t<\/div>\n\t\t\t\t<\/div>\n\t\t\t\t\t<\/div>\n\t\t<\/div>\n\t\t\t\t\t<\/div>\n\t\t<\/section>\n\t\t\t\t<section class=\"elementor-section elementor-top-section elementor-element elementor-element-ddce101 elementor-section-stretched dsvy-fid-sep dsvy-bg-color-yes dsvy-elementor-bg-color-blackish dsvy-bg-image-over-color dsvy-col-stretched-none elementor-section-boxed elementor-section-height-default elementor-section-height-default\" data-id=\"ddce101\" data-element_type=\"section\" data-e-type=\"section\" data-settings=\"{&quot;stretch_section&quot;:&quot;section-stretched&quot;,&quot;background_background&quot;:&quot;classic&quot;}\">\n\t\t\t\t\t\t\t<div class=\"elementor-background-overlay\"><\/div>\n\t\t\t\t\t\t\t<div class=\"elementor-container elementor-column-gap-no\">\n\t\t\t\t\t<div class=\"elementor-column elementor-col-25 elementor-top-column elementor-element elementor-element-85b63ce dsvy-bg-color-over-image\" data-id=\"85b63ce\" data-element_type=\"column\" data-e-type=\"column\">\n\t\t\t<div class=\"elementor-widget-wrap elementor-element-populated\">\n\t\t\t\t\t\t<div class=\"elementor-element elementor-element-6b20c471 elementor-widget elementor-widget-dsvy_fid_element\" data-id=\"6b20c471\" data-element_type=\"widget\" data-e-type=\"widget\" data-widget_type=\"dsvy_fid_element.default\">\n\t\t\t\t<div class=\"elementor-widget-container\">\n\t\t\t\t\t<div class=\"designervily-ele designervily-ele-fid designervily-ele-fid-style-3 \"><div class=\"dsvy-fld-contents\">\r\n\t<div class=\"dsvy-sbox-icon-wrapper\"><i class=\"dsvy-cardioly-icon dsvy-cardioly-icon-heartbeat\"><\/i><\/div>\t<h4 class=\"dsvy-fid-inner\">\r\n\t\t\t\t<span class=\"dsvy-number-rotate\" data-appear-animation=\"animateDigits\" data-from=\"0\" data-to=\"9000\" data-interval=\"5\" data-before=\"\" data-before-style=\"\" data-after=\"\" data-after-style=\"\">\r\n\t\t\t\t9000\t\t<\/span><span class=\"dsvy-fid-sub\"><sup>+<\/sup><\/span>\r\n\t<\/h4>\r\n\t<span class=\"dsvy-fid-title\">Tranzac\u021bie total\u0103<\/span>\r\n<\/div><!-- .dsvy-fld-contents -->\r\n<\/div>\t\t\t\t<\/div>\n\t\t\t\t<\/div>\n\t\t\t\t\t<\/div>\n\t\t<\/div>\n\t\t\t\t<div class=\"elementor-column elementor-col-25 elementor-top-column elementor-element elementor-element-3ba23254 dsvy-bg-color-over-image\" data-id=\"3ba23254\" data-element_type=\"column\" data-e-type=\"column\">\n\t\t\t<div class=\"elementor-widget-wrap elementor-element-populated\">\n\t\t\t\t\t\t<div class=\"elementor-element elementor-element-1cf8d0cc elementor-widget elementor-widget-dsvy_fid_element\" data-id=\"1cf8d0cc\" data-element_type=\"widget\" data-e-type=\"widget\" data-widget_type=\"dsvy_fid_element.default\">\n\t\t\t\t<div class=\"elementor-widget-container\">\n\t\t\t\t\t<div class=\"designervily-ele designervily-ele-fid designervily-ele-fid-style-3 \"><div class=\"dsvy-fld-contents\">\r\n\t<div class=\"dsvy-sbox-icon-wrapper\"><i class=\"fas fa-users\"><\/i><\/div>\t<h4 class=\"dsvy-fid-inner\">\r\n\t\t\t\t<span class=\"dsvy-number-rotate\" data-appear-animation=\"animateDigits\" data-from=\"0\" data-to=\"4000\" data-interval=\"5\" data-before=\"\" data-before-style=\"\" data-after=\"\" data-after-style=\"\">\r\n\t\t\t\t4000\t\t<\/span><span class=\"dsvy-fid-sub\"><sup>+<\/sup><\/span>\r\n\t<\/h4>\r\n\t<span class=\"dsvy-fid-title\">Num\u0103rul de pacien\u021bi<\/span>\r\n<\/div><!-- .dsvy-fld-contents -->\r\n<\/div>\t\t\t\t<\/div>\n\t\t\t\t<\/div>\n\t\t\t\t\t<\/div>\n\t\t<\/div>\n\t\t\t\t<div class=\"elementor-column elementor-col-25 elementor-top-column elementor-element elementor-element-1aa8dff0 dsvy-bg-color-over-image\" data-id=\"1aa8dff0\" data-element_type=\"column\" data-e-type=\"column\">\n\t\t\t<div class=\"elementor-widget-wrap elementor-element-populated\">\n\t\t\t\t\t\t<div class=\"elementor-element elementor-element-53088258 elementor-widget elementor-widget-dsvy_fid_element\" data-id=\"53088258\" data-element_type=\"widget\" data-e-type=\"widget\" data-widget_type=\"dsvy_fid_element.default\">\n\t\t\t\t<div class=\"elementor-widget-container\">\n\t\t\t\t\t<div class=\"designervily-ele designervily-ele-fid designervily-ele-fid-style-3 \"><div class=\"dsvy-fld-contents\">\r\n\t<div class=\"dsvy-sbox-icon-wrapper\"><i class=\"dsvy-cardioly-icon dsvy-cardioly-icon-phone-call\"><\/i><\/div>\t<h4 class=\"dsvy-fid-inner\">\r\n\t\t\t\t<span class=\"dsvy-number-rotate\" data-appear-animation=\"animateDigits\" data-from=\"0\" data-to=\"20000\" data-interval=\"5\" data-before=\"\" data-before-style=\"\" data-after=\"\" data-after-style=\"\">\r\n\t\t\t\t20000\t\t<\/span><span class=\"dsvy-fid-sub\"><sup>+<\/sup><\/span>\r\n\t<\/h4>\r\n\t<span class=\"dsvy-fid-title\">Apel telefonic<\/span>\r\n<\/div><!-- .dsvy-fld-contents -->\r\n<\/div>\t\t\t\t<\/div>\n\t\t\t\t<\/div>\n\t\t\t\t\t<\/div>\n\t\t<\/div>\n\t\t\t\t<div class=\"elementor-column elementor-col-25 elementor-top-column elementor-element elementor-element-58bf7d9b dsvy-bg-color-over-image\" data-id=\"58bf7d9b\" data-element_type=\"column\" data-e-type=\"column\">\n\t\t\t<div class=\"elementor-widget-wrap elementor-element-populated\">\n\t\t\t\t\t\t<div class=\"elementor-element elementor-element-60b46f49 elementor-widget elementor-widget-dsvy_fid_element\" data-id=\"60b46f49\" data-element_type=\"widget\" data-e-type=\"widget\" data-widget_type=\"dsvy_fid_element.default\">\n\t\t\t\t<div class=\"elementor-widget-container\">\n\t\t\t\t\t<div class=\"designervily-ele designervily-ele-fid designervily-ele-fid-style-3 \"><div class=\"dsvy-fld-contents\">\r\n\t<div class=\"dsvy-sbox-icon-wrapper\"><i class=\"far fa-smile-beam\"><\/i><\/div>\t<h4 class=\"dsvy-fid-inner\">\r\n\t\t\t\t<span class=\"dsvy-number-rotate\" data-appear-animation=\"animateDigits\" data-from=\"0\" data-to=\"100\" data-interval=\"5\" data-before=\"\" data-before-style=\"\" data-after=\"\" data-after-style=\"\">\r\n\t\t\t\t100\t\t<\/span><span class=\"dsvy-fid-sub\"><sup>%<\/sup><\/span>\r\n\t<\/h4>\r\n\t<span class=\"dsvy-fid-title\">Fericirea clientului<\/span>\r\n<\/div><!-- .dsvy-fld-contents -->\r\n<\/div>\t\t\t\t<\/div>\n\t\t\t\t<\/div>\n\t\t\t\t\t<\/div>\n\t\t<\/div>\n\t\t\t\t\t<\/div>\n\t\t<\/section>\n\t\t\t\t<\/div>\n\t\t","protected":false},"excerpt":{"rendered":"<p>\u00a0 \u00a0 Forever Clinica Despre Noi \u00cen aceast\u0103 c\u0103l\u0103torie pe care am \u00eenceput-o \u00een 2018, am \u00eenceput s\u0103 ne dezvolt\u0103m munca \u00een fiecare zi cu tot mai mult\u0103 pasiune, datorit\u0103 experien\u021bei \u0219i expertizei dob\u00e2ndite de-a lungul anilor. Acum, ca Forever Clinic, facilit\u0103m tratamente adaptate nevoilor \u0219i s\u0103n\u0103t\u0103\u021bii pacien\u021bilor no\u0219tri. \u00cembun\u0103t\u0103\u021bindu-ne \u00een afacerea noastr\u0103 \u00een fiecare zi, muncim mai mult pentru a oferi servicii de cea mai bun\u0103 calitate oaspe\u021bilor no\u0219tri[&hellip;]<\/p>\n","protected":false},"author":1,"featured_media":0,"parent":0,"menu_order":4,"comment_status":"closed","ping_status":"closed","template":"elementor_header_footer","meta":{"_acf_changed":false,"_uf_show_specific_survey":0,"_uf_disable_surveys":false,"_joinchat":[],"footnotes":""},"class_list":["post-6688","page","type-page","status-publish","hentry"],"acf":[],"aioseo_notices":[],"_links":{"self":[{"href":"https:\/\/foreverclinica.com\/ro\/wp-json\/wp\/v2\/pages\/6688","targetHints":{"allow":["GET"]}}],"collection":[{"href":"https:\/\/foreverclinica.com\/ro\/wp-json\/wp\/v2\/pages"}],"about":[{"href":"https:\/\/foreverclinica.com\/ro\/wp-json\/wp\/v2\/types\/page"}],"author":[{"embeddable":true,"href":"https:\/\/foreverclinica.com\/ro\/wp-json\/wp\/v2\/users\/1"}],"replies":[{"embeddable":true,"href":"https:\/\/foreverclinica.com\/ro\/wp-json\/wp\/v2\/comments?post=6688"}],"version-history":[{"count":13,"href":"https:\/\/foreverclinica.com\/ro\/wp-json\/wp\/v2\/pages\/6688\/revisions"}],"predecessor-version":[{"id":12201,"href":"https:\/\/foreverclinica.com\/ro\/wp-json\/wp\/v2\/pages\/6688\/revisions\/12201"}],"wp:attachment":[{"href":"https:\/\/foreverclinica.com\/ro\/wp-json\/wp\/v2\/media?parent=6688"}],"curies":[{"name":"wp","href":"https:\/\/api.w.org\/{rel}","templated":true}]}}