{"id":6757,"date":"2020-06-03T09:25:39","date_gmt":"2020-06-03T06:25:39","guid":{"rendered":"http:\/\/foreverclinica.com\/iletisim\/"},"modified":"2024-04-05T18:11:32","modified_gmt":"2024-04-05T15:11:32","slug":"svyazatsya-s-nami","status":"publish","type":"page","link":"https:\/\/foreverclinica.com\/ru\/svyazatsya-s-nami\/","title":{"rendered":"\u0421\u0432\u044f\u0437\u0430\u0442\u044c\u0441\u044f \u0441 \u043d\u0430\u043c\u0438"},"content":{"rendered":"\t\t<div data-elementor-type=\"wp-page\" data-elementor-id=\"6757\" class=\"elementor elementor-6757 elementor-61\">\n\t\t\t\t\t\t<div class=\"elementor-section elementor-top-section elementor-element elementor-element-dc7d2df elementor-section-stretched elementor-section-full_width dsvy-col-stretched-none dsvy-bg-color-over-image elementor-section-height-default elementor-section-height-default\" data-id=\"dc7d2df\" data-element_type=\"section\" data-e-type=\"section\" data-settings=\"{&quot;stretch_section&quot;:&quot;section-stretched&quot;}\">\n\t\t\t\t\t\t<div class=\"elementor-container elementor-column-gap-no\">\n\t\t\t\t\t<div class=\"elementor-column elementor-col-100 elementor-top-column elementor-element elementor-element-0352a74 dsvy-bg-color-over-image\" data-id=\"0352a74\" data-element_type=\"column\" data-e-type=\"column\">\n\t\t\t<div class=\"elementor-widget-wrap elementor-element-populated\">\n\t\t\t\t\t\t<div class=\"elementor-element elementor-element-b6dd92d elementor-widget elementor-widget-google_maps\" data-id=\"b6dd92d\" data-element_type=\"widget\" data-e-type=\"widget\" data-widget_type=\"google_maps.default\">\n\t\t\t\t<div class=\"elementor-widget-container\">\n\t\t\t\t\t\t\t<div class=\"elementor-custom-embed\">\n\t\t\t<iframe loading=\"lazy\"\n\t\t\t\t\tsrc=\"https:\/\/maps.google.com\/maps?q=Suryap%C4%B1%20Corridor&#038;t=m&#038;z=15&#038;output=embed&#038;iwloc=near\"\n\t\t\t\t\ttitle=\"Suryap\u0131 Corridor\"\n\t\t\t\t\taria-label=\"Suryap\u0131 Corridor\"\n\t\t\t><\/iframe>\n\t\t<\/div>\n\t\t\t\t\t\t<\/div>\n\t\t\t\t<\/div>\n\t\t\t\t\t<\/div>\n\t\t<\/div>\n\t\t\t\t\t<\/div>\n\t\t<\/div>\n\t\t\t\t<section class=\"elementor-section elementor-top-section elementor-element elementor-element-925a2fc dsvy-col-stretched-none dsvy-bg-color-over-image elementor-section-boxed elementor-section-height-default elementor-section-height-default\" data-id=\"925a2fc\" data-element_type=\"section\" data-e-type=\"section\">\n\t\t\t\t\t\t<div class=\"elementor-container elementor-column-gap-default\">\n\t\t\t\t\t<div class=\"elementor-column elementor-col-100 elementor-top-column elementor-element elementor-element-e70da96 dsvy-bg-color-over-image\" data-id=\"e70da96\" data-element_type=\"column\" data-e-type=\"column\">\n\t\t\t<div class=\"elementor-widget-wrap elementor-element-populated\">\n\t\t\t\t\t\t<div class=\"elementor-section elementor-inner-section elementor-element elementor-element-d0284f9 elementor-section-content-middle dsvy-col-stretched-none dsvy-bg-color-over-image elementor-section-boxed elementor-section-height-default elementor-section-height-default\" data-id=\"d0284f9\" data-element_type=\"section\" data-e-type=\"section\">\n\t\t\t\t\t\t<div class=\"elementor-container elementor-column-gap-no\">\n\t\t\t\t\t<div class=\"elementor-column elementor-col-50 elementor-inner-column elementor-element elementor-element-db3f7fe dsvy-bg-color-yes dsvy-elementor-bg-color-white dsvy-bg-color-over-image\" data-id=\"db3f7fe\" data-element_type=\"column\" data-e-type=\"column\" data-settings=\"{&quot;background_background&quot;:&quot;classic&quot;}\">\n\t\t\t<div class=\"elementor-widget-wrap elementor-element-populated\">\n\t\t\t\t\t<div class=\"elementor-background-overlay\"><\/div>\n\t\t\t\t\t\t<div class=\"elementor-element elementor-element-3861266 elementor-widget elementor-widget-heading\" data-id=\"3861266\" data-element_type=\"widget\" data-e-type=\"widget\" data-widget_type=\"heading.default\">\n\t\t\t\t<div class=\"elementor-widget-container\">\n\t\t\t\t\t<h3 class=\"elementor-heading-title elementor-size-default\">Bize Ula\u015f\u0131n<\/h3>\t\t\t\t<\/div>\n\t\t\t\t<\/div>\n\t\t\t\t<div class=\"elementor-element elementor-element-dc89227 elementor-widget elementor-widget-dsvy_icon_heading\" data-id=\"dc89227\" data-element_type=\"widget\" data-e-type=\"widget\" data-widget_type=\"dsvy_icon_heading.default\">\n\t\t\t\t<div class=\"elementor-widget-container\">\n\t\t\t\t\t<div class=\"dsvy-ihbox dsvy-ihbox-style-3\">\r\n<div class=\"dsvy-ihbox-box d-flex\">\r\n\t<div class=\"dsvy-ihbox-icon\"><div class=\"dsvy-ihbox-icon-wrapper\"><i class=\"mdi mdi-local-phone\"><\/i><\/div><\/div>\t<div class=\"dsvy-ihbox-contents\">\r\n\t\t<h2 class=\"dsvy-element-title\">\r\n\t\t\t\t\t\r\n\t\t\t\t\t\tTelefon Numaram\u0131z\r\n\t\t\t\t\t\r\n\t\t\t\t\t<\/h2>\r\n\t\t\t\t\t\t\t\t<div class=\"dsvy-heading-desc\">\ud83c\uddf7\ud83c\uddf4 +90 544 848 55 85<br>\n\ud83c\uddf9\ud83c\uddf7 \ud83c\uddec\ud83c\udde7 +90 545 229 16 52<\/div>\t\t\t<\/div><!-- .dsvy-ihbox-contents -->\r\n<\/div><\/div>\t\t\t\t<\/div>\n\t\t\t\t<\/div>\n\t\t\t\t<div class=\"elementor-element elementor-element-5d8c5d7 elementor-widget elementor-widget-dsvy_icon_heading\" data-id=\"5d8c5d7\" data-element_type=\"widget\" data-e-type=\"widget\" data-widget_type=\"dsvy_icon_heading.default\">\n\t\t\t\t<div class=\"elementor-widget-container\">\n\t\t\t\t\t<div class=\"dsvy-ihbox dsvy-ihbox-style-3\">\r\n<div class=\"dsvy-ihbox-box d-flex\">\r\n\t<div class=\"dsvy-ihbox-icon\"><div class=\"dsvy-ihbox-icon-wrapper\"><i class=\"mdi mdi-location-city\"><\/i><\/div><\/div>\t<div class=\"dsvy-ihbox-contents\">\r\n\t\t<h2 class=\"dsvy-element-title\">\r\n\t\t\t\t\t\r\n\t\t\t\t\t\tAdresimiz\r\n\t\t\t\t\t\r\n\t\t\t\t\t<\/h2>\r\n\t\t\t\t\t\t\t\t<div class=\"dsvy-heading-desc\">G\u00fcne\u015fli, Ba\u011flar Mahallesi, Yal\u00e7\u0131n Kore\u015f Cd. H Blok No. 14 \u0130\u00e7 Kap\u0131 No: B\/47, 34197 Ba\u011fc\u0131lar\/\u0130stanbul<\/div>\t\t\t<\/div><!-- .dsvy-ihbox-contents -->\r\n<\/div><\/div>\t\t\t\t<\/div>\n\t\t\t\t<\/div>\n\t\t\t\t<div class=\"elementor-element elementor-element-3449b36 elementor-widget elementor-widget-dsvy_icon_heading\" data-id=\"3449b36\" data-element_type=\"widget\" data-e-type=\"widget\" data-widget_type=\"dsvy_icon_heading.default\">\n\t\t\t\t<div class=\"elementor-widget-container\">\n\t\t\t\t\t<div class=\"dsvy-ihbox dsvy-ihbox-style-3\">\r\n<div class=\"dsvy-ihbox-box d-flex\">\r\n\t<div class=\"dsvy-ihbox-icon\"><div class=\"dsvy-ihbox-icon-wrapper\"><i class=\"mdi mdi-email\"><\/i><\/div><\/div>\t<div class=\"dsvy-ihbox-contents\">\r\n\t\t<h2 class=\"dsvy-element-title\">\r\n\t\t\t\t\t\r\n\t\t\t\t\t\tMail Adresimiz\r\n\t\t\t\t\t\r\n\t\t\t\t\t<\/h2>\r\n\t\t\t\t\t\t\t\t<div class=\"dsvy-heading-desc\">info@foreverclinica.com<\/div>\t\t\t<\/div><!-- .dsvy-ihbox-contents -->\r\n<\/div><\/div>\t\t\t\t<\/div>\n\t\t\t\t<\/div>\n\t\t\t\t\t<\/div>\n\t\t<\/div>\n\t\t\t\t<div class=\"elementor-column elementor-col-50 elementor-inner-column elementor-element elementor-element-1b35da2 dsvy-bg-color-yes dsvy-elementor-bg-color-blackish dsvy-bg-color-over-image\" data-id=\"1b35da2\" data-element_type=\"column\" data-e-type=\"column\" data-settings=\"{&quot;background_background&quot;:&quot;classic&quot;}\">\n\t\t\t<div class=\"elementor-widget-wrap elementor-element-populated\">\n\t\t\t\t\t<div class=\"elementor-background-overlay\"><\/div>\n\t\t\t\t\t\t<div class=\"elementor-element elementor-element-6dcef09 elementor-widget elementor-widget-heading\" data-id=\"6dcef09\" data-element_type=\"widget\" data-e-type=\"widget\" data-widget_type=\"heading.default\">\n\t\t\t\t<div class=\"elementor-widget-container\">\n\t\t\t\t\t<h3 class=\"elementor-heading-title elementor-size-default\">\u00dccretsiz Randevu Olu\u015fturun<\/h3>\t\t\t\t<\/div>\n\t\t\t\t<\/div>\n\t\t\t\t<div class=\"elementor-element elementor-element-0f97eef elementor-widget elementor-widget-text-editor\" data-id=\"0f97eef\" data-element_type=\"widget\" data-e-type=\"widget\" data-widget_type=\"text-editor.default\">\n\t\t\t\t<div class=\"elementor-widget-container\">\n\t\t\t\t\t\t\t\t\t<p>Sizce binlerce <strong>Forever Clinica<\/strong> misafirleri gibi kendinize bir g\u00fczellik yap\u0131n ve hemen <strong>\u00fccretsiz randevu<\/strong> olu\u015fturun.<\/p>\t\t\t\t\t\t\t\t<\/div>\n\t\t\t\t<\/div>\n\t\t\t\t<div class=\"elementor-element elementor-element-7320702 elementor-widget elementor-widget-shortcode\" data-id=\"7320702\" data-element_type=\"widget\" data-e-type=\"widget\" data-widget_type=\"shortcode.default\">\n\t\t\t\t<div class=\"elementor-widget-container\">\n\t\t\t\t\t\t\t<div class=\"elementor-shortcode\"><div class='fluentform ff-default fluentform_wrapper_3 ffs_default_wrap'><form data-form_id=\"3\" id=\"fluentform_3\" class=\"frm-fluent-form fluent_form_3 ff-el-form-top ff_form_instance_3_1 ff-form-loading ffs_default\" data-form_instance=\"ff_form_instance_3_1\" method=\"POST\" ><fieldset  style=\"border: none!important;margin: 0!important;padding: 0!important;background-color: transparent!important;box-shadow: none!important;outline: none!important; min-inline-size: 100%;\">\n                    <legend class=\"ff_screen_reader_title\" style=\"display: block; margin: 0!important;padding: 0!important;height: 0!important;text-indent: -999999px;width: 0!important;overflow:hidden;\">T\u00fcrk\u00e7e \u0130leti\u015fim Formu<\/legend><input type='hidden' name='__fluent_form_embded_post_id' value='6757' \/><input type=\"hidden\" id=\"_fluentform_3_fluentformnonce\" name=\"_fluentform_3_fluentformnonce\" value=\"d2636aa088\" \/><input type=\"hidden\" name=\"_wp_http_referer\" value=\"\/ru\/wp-json\/wp\/v2\/pages\/6757\" \/><div class='ff-el-group'><div class='ff-el-input--content'><select name=\"dropdown\" id=\"ff_3_dropdown\" class=\"ff-el-form-control\" data-name=\"dropdown\" data-calc_value=\"0\"  aria-invalid=\"false\" aria-required=\"true\" aria-labelledby=\"label_ff_3_dropdown\"><option value=\"\">Operasyon Se\u00e7<\/option><option value=\"Sa\u00e7 Ekimi\"  >Sa\u00e7 Ekimi<\/option><option value=\"Rinoplasti (Burun Esteti\u011fi)\"  >Rinoplasti (Burun Esteti\u011fi)<\/option><option value=\"Meme Esteti\u011fi\"  >Meme Esteti\u011fi<\/option><option value=\"Di\u015f Tedavileri\"  >Di\u015f Tedavileri<\/option><option value=\"Liposuction (Ya\u011f Ald\u0131rma)\"  >Liposuction (Ya\u011f Ald\u0131rma)<\/option><option value=\"BBL (Brezilya Kal\u00e7a Kald\u0131rma)\"  >BBL (Brezilya Kal\u00e7a Kald\u0131rma)<\/option><option value=\"T\u00fcp Bebek (IVF)\"  >T\u00fcp Bebek (IVF)<\/option><option value=\"Obezite\"  >Obezite<\/option><option value=\"Mide K\u00fc\u00e7\u00fcltme Ameliyat\u0131 (Gastric Sleeve)\"  >Mide K\u00fc\u00e7\u00fcltme Ameliyat\u0131 (Gastric Sleeve)<\/option><option value=\"Di\u011fer\"  >Di\u011fer<\/option><\/select><\/div><\/div><div data-name=\"ff_cn_id_1\"  class='ff-t-container ff-column-container ff_columns_total_2 '><div class='ff-t-cell ff-t-column-1' style='flex-basis: 50%;'><div data-type=\"name-element\" data-name=\"names\" class=\" ff-field_container ff-name-field-wrapper\" ><div class='ff-t-container'><div class='ff-t-cell '><div class='ff-el-group'><div class='ff-el-input--content'><input type=\"text\" name=\"names[first_name]\" id=\"ff_3_names_first_name_\" class=\"ff-el-form-control\" placeholder=\"Ad Soyad\" aria-invalid=\"false\" aria-required=false><\/div><\/div><\/div><\/div><\/div><\/div><div class='ff-t-cell ff-t-column-2' style='flex-basis: 50%;'><div class='ff-el-group'><div class='ff-el-input--content'><input type=\"email\" name=\"email\" id=\"ff_3_email\" class=\"ff-el-form-control\" placeholder=\"E-Mail\" data-name=\"email\"  aria-invalid=\"false\" aria-required=true><\/div><\/div><\/div><\/div><div class='ff-el-group'><div class='ff-el-input--content'><input type=\"text\" name=\"input_text\" class=\"ff-el-form-control\" placeholder=\"Telefon Numaras\u0131\" data-name=\"input_text\" id=\"ff_3_input_text\"  aria-invalid=\"false\" aria-required=true><\/div><\/div><div class='ff-el-group'><div class='ff-el-input--content'><textarea aria-required=\"true\" aria-labelledby=\"label_ff_3_message\" name=\"message\" id=\"ff_3_message\" class=\"ff-el-form-control\" placeholder=\"Mesaj\" rows=\"4\" cols=\"2\" data-name=\"message\" ><\/textarea><\/div><\/div><div class='ff-el-group ff-text-right ff_submit_btn_wrapper'><button type=\"submit\" class=\"ff-btn ff-btn-submit ff-btn-md ff_btn_style wpf_has_custom_css\"  aria-label=\"G\u00f6nder\">G\u00f6nder<\/button><\/div><\/fieldset><\/form><div id='fluentform_3_errors' class='ff-errors-in-stack ff_form_instance_3_1 ff-form-loading_errors ff_form_instance_3_1_errors'><\/div><\/div>            <script type=\"text\/javascript\">\n                window.fluent_form_ff_form_instance_3_1 = {\"id\":\"3\",\"settings\":{\"layout\":{\"labelPlacement\":\"top\",\"helpMessagePlacement\":\"with_label\",\"errorMessagePlacement\":\"inline\",\"asteriskPlacement\":\"asterisk-right\"},\"id\":\"39\",\"restrictions\":{\"denyEmptySubmission\":{\"enabled\":false}}},\"form_instance\":\"ff_form_instance_3_1\",\"form_id_selector\":\"fluentform_3\",\"rules\":{\"dropdown\":{\"required\":{\"value\":true,\"message\":\"Bu alan gereklidir\",\"global\":false,\"global_message\":\"This field is required\"}},\"names[first_name]\":{\"required\":{\"value\":false,\"message\":\"This field is required\",\"global\":false,\"global_message\":\"This field is required\"}},\"names[middle_name]\":{\"required\":{\"value\":false,\"message\":\"This field is required\",\"global\":false,\"global_message\":\"This field is required\"}},\"names[last_name]\":{\"required\":{\"value\":false,\"message\":\"This field is required\",\"global\":false,\"global_message\":\"This field is required\"}},\"email\":{\"required\":{\"value\":true,\"message\":\"This field is required\",\"global\":false,\"global_message\":\"This field is required\"},\"email\":{\"value\":true,\"message\":\"Please enter a valid email address.\",\"global\":false,\"global_message\":\"This field must contain a valid email\"}},\"input_text\":{\"required\":{\"value\":true,\"message\":\"This field is required\",\"global\":false,\"global_message\":\"This field is required\"}},\"message\":{\"required\":{\"value\":true,\"message\":\"This field is required\",\"global\":false,\"global_message\":\"This field is required\"}}},\"debounce_time\":300};\n                            <\/script>\n            <\/div>\n\t\t\t\t\t\t<\/div>\n\t\t\t\t<\/div>\n\t\t\t\t\t<\/div>\n\t\t<\/div>\n\t\t\t\t\t<\/div>\n\t\t<\/div>\n\t\t\t\t\t<\/div>\n\t\t<\/div>\n\t\t\t\t\t<\/div>\n\t\t<\/section>\n\t\t\t\t<\/div>\n\t\t","protected":false},"excerpt":{"rendered":"<p>\u0421\u0432\u044f\u0437\u0430\u0442\u044c\u0441\u044f \u0441 \u043d\u0430\u043c\u0438 \u041d\u0430\u0448 \u043d\u043e\u043c\u0435\u0440 \u0442\u0435\u043b\u0435\u0444\u043e\u043d\u0430 ?? +90 544 848 55 85 ?? ?? +90 545 229 16 52 \u041d\u0430\u0448 \u0430\u0434\u0440\u0435\u0441 G\u00fcne\u015fli, Ba\u011flar Mahallesi, Yal\u00e7\u0131n Kore\u015f Cd. H Blok No. 14 \u0130\u00e7 Kap\u0131 No: B\/47, 34197 Ba\u011fc\u0131lar\/\u0130stanbul \u041d\u0430\u0448 \u0430\u0434\u0440\u0435\u0441 \u044d\u043b\u0435\u043a\u0442\u0440\u043e\u043d\u043d\u043e\u0439 \u043f\u043e\u0447\u0442\u044b info@foreverclinica.com \u0421\u043e\u0437\u0434\u0430\u0442\u044c \u0431\u0435\u0441\u043f\u043b\u0430\u0442\u043d\u0443\u044e \u0432\u0441\u0442\u0440\u0435\u0447\u0443 \u0421\u0434\u0435\u043b\u0430\u0439\u0442\u0435 \u0441\u0435\u0431\u0435 \u043e\u0434\u043e\u043b\u0436\u0435\u043d\u0438\u0435, \u043a\u0430\u043a \u0438 \u0442\u044b\u0441\u044f\u0447\u0438 \u0433\u043e\u0441\u0442\u0435\u0439 Forever Clinica, \u0438 \u0437\u0430\u043f\u0438\u0448\u0438\u0442\u0435\u0441\u044c \u043d\u0430 \u0431\u0435\u0441\u043f\u043b\u0430\u0442\u043d\u044b\u0439 \u043f\u0440\u0438\u0435\u043c \u043f\u0440\u044f\u043c\u043e \u0441\u0435\u0439\u0447\u0430\u0441.<\/p>\n","protected":false},"author":1,"featured_media":0,"parent":0,"menu_order":15,"comment_status":"closed","ping_status":"closed","template":"","meta":{"_acf_changed":false,"_uf_show_specific_survey":0,"_uf_disable_surveys":false,"_joinchat":[],"footnotes":""},"class_list":["post-6757","page","type-page","status-publish","hentry"],"acf":[],"aioseo_notices":[],"_links":{"self":[{"href":"https:\/\/foreverclinica.com\/ru\/wp-json\/wp\/v2\/pages\/6757","targetHints":{"allow":["GET"]}}],"collection":[{"href":"https:\/\/foreverclinica.com\/ru\/wp-json\/wp\/v2\/pages"}],"about":[{"href":"https:\/\/foreverclinica.com\/ru\/wp-json\/wp\/v2\/types\/page"}],"author":[{"embeddable":true,"href":"https:\/\/foreverclinica.com\/ru\/wp-json\/wp\/v2\/users\/1"}],"replies":[{"embeddable":true,"href":"https:\/\/foreverclinica.com\/ru\/wp-json\/wp\/v2\/comments?post=6757"}],"version-history":[{"count":5,"href":"https:\/\/foreverclinica.com\/ru\/wp-json\/wp\/v2\/pages\/6757\/revisions"}],"predecessor-version":[{"id":8805,"href":"https:\/\/foreverclinica.com\/ru\/wp-json\/wp\/v2\/pages\/6757\/revisions\/8805"}],"wp:attachment":[{"href":"https:\/\/foreverclinica.com\/ru\/wp-json\/wp\/v2\/media?parent=6757"}],"curies":[{"name":"wp","href":"https:\/\/api.w.org\/{rel}","templated":true}]}}