{"id":1186,"date":"2023-06-09T15:10:10","date_gmt":"2023-06-09T12:10:10","guid":{"rendered":"http:\/\/foreverclinica.com\/?page_id=1186"},"modified":"2023-06-09T15:10:43","modified_gmt":"2023-06-09T12:10:43","slug":"gizlilik-politikasi","status":"publish","type":"page","link":"https:\/\/foreverclinica.com\/tr\/gizlilik-politikasi\/","title":{"rendered":"Gizlilik Politikas\u0131"},"content":{"rendered":"<section id=\"hakk\u0131m\u0131zda\" class=\"l-section wpb_row us_custom_a7086fa9 height_custom color_alternate\">\n<div class=\"l-section-h i-cf\">\n<div class=\"g-cols via_flex valign_top type_default\">\n<div class=\"vc_col-sm-12 wpb_column vc_column_container\">\n<div class=\"vc_column-inner\">\n<div class=\"wpb_wrapper\">\n<div class=\"wpb_text_column\">\n<div class=\"wpb_wrapper\">\n<h3 class=\"p1\"><span id=\"kisisel-verilerin-korunmasi-kanunu-aydinlatma-metni\">Ki\u015fisel Verilerin Korunmas\u0131 Kanunu Ayd\u0131nlatma Metni<\/span><\/h3>\n<p class=\"p1\">\u0130\u015f bu metin \u00fcyelik s\u00f6zle\u015fmesi eki niteli\u011finde olup, s\u00f6zle\u015fme ile elde edilen Ki\u015fisel Verilere ili\u015fkin ayd\u0131nlatma metnini ve a\u00e7\u0131k r\u0131za beyan\u0131n\u0131 i\u00e7ermektedir.<span class=\"Apple-converted-space\">\u00a0<\/span><\/p>\n<p class=\"p1\">6698 say\u0131l\u0131 Ki\u015fisel Verilerin Korunmas\u0131 Kanunu uyar\u0131nca VER\u0130 SORUMLUSU \u015firketimiz Forever Clinica (her biri \u201c\u015eirket\u201d), i\u015fbu <span class=\"s1\">\u00dcyelik Formu<\/span>\u00a0\/\u00a0<span class=\"s2\">Bilgi Alma Formu<\/span>\u00a0sayesinde elde etmi\u015f oldu\u011fu,\u00a0<span class=\"s1\">\u00fcyelik hesab\u0131 a\u00e7\u0131lmas\u0131na ili\u015fkin<\/span>\u00a0ba\u015fvuru talebini ileten ki\u015fiye ait ki\u015fisel verileri (Ad\/Soyad\/e-mail\/Telefon numaras\u0131\/Adres) ilgili mevzuat\u0131n izin verdi\u011fi durumlarda veri sorumlusu olarak kaydedebilir, s\u0131n\u0131fland\u0131rabilir, i\u015fleyebilir, saklayabilir, g\u00fcncelleyebilir ve \u00fc\u00e7\u00fcnc\u00fc ki\u015filere aktarabilir.<\/p>\n<p class=\"p1\"><span class=\"s1\">\u00dcyelik hesab\u0131<\/span>\u00a0\/\u00a0<span class=\"s2\">dan\u0131\u015fan kayd\u0131<\/span>\u00a0a\u00e7\u0131lmas\u0131na ili\u015fkin ba\u015fvuru talebini ileten ki\u015fiden al\u0131nan ki\u015fisel veriler, \u015firketimizce sat\u0131\u015f ve tedarik y\u00f6netimi hususlar\u0131nda kontrol sa\u011flamak, faturaland\u0131rma yapmak, yasal bildirimlerin yap\u0131lmas\u0131, teslimat i\u015flemleri, m\u00fc\u015fteri talep ve\/veya \u015fikayetlerinin takibi, i\u015f s\u00fcre\u00e7lerinin y\u00f6netilmesi, her t\u00fcrl\u00fc \u00fcr\u00fcn ve hizmet tan\u0131t\u0131m\u0131, reklam, ileti\u015fim, promosyon, pazarlama, kullan\u0131m al\u0131\u015fkanl\u0131klar\u0131n\u0131n belirlenmesi, ticari elektronik ileti g\u00f6nderilebilmesi, m\u00fc\u015fteriyi \u00fcr\u00fcn ve hizmetlerden faydaland\u0131rmak, \u00fcr\u00fcn ve hizmetlerin sat\u0131\u015f ve pazarlama faaliyetlerinin planlanmas\u0131, s\u00f6zle\u015fme ve yasadan do\u011fan mesuliyetlerin eksiksiz ve do\u011fru bir \u015fekilde yerine getirilmesi, \u00fcyelere \u00f6zel hizmetlerin olu\u015fturulmas\u0131, ziyaret\u00e7i kay\u0131tlar\u0131n\u0131n olu\u015fturulmas\u0131, ticari i\u015fbirliklerinin, y\u00f6netim ve ileti\u015fim faaliyetlerinin ve stratejilerinin do\u011fru olarak planlanmas\u0131, y\u00fcr\u00fct\u00fclmesi, y\u00f6netilmesi, internet sitemizde sunulan hizmetlerin geli\u015ftirilmesi ve sitede olu\u015fan hatalar\u0131n giderilmesi, ama\u00e7lar\u0131yla i\u015flenebilir.<span class=\"Apple-converted-space\">\u00a0<\/span><\/p>\n<p class=\"p1\"><span class=\"s1\">\u00dcyelik hesab\u0131<\/span>\u00a0\/\u00a0<span class=\"s2\">dan\u0131\u015fan kayd\u0131<\/span>\u00a0a\u00e7\u0131lmas\u0131na ili\u015fkin ba\u015fvuru talebini ileten ki\u015fiden al\u0131nan ki\u015fisel veriler, \u015eirket taraf\u0131ndan, ilgili kanun ve sair mevzuat h\u00fck\u00fcmlerinin zorunlu k\u0131ld\u0131\u011f\u0131 ve\/veya izin verdi\u011fi ki\u015fi, kurum ve\/veya kurulu\u015flara, verileri alma yetkisi bulunan kamu t\u00fczel ki\u015filerine, \u015eirketin hissedarlar\u0131na, \u00e7al\u0131\u015fanlar\u0131na, yurti\u00e7i\/yurtd\u0131\u015f\u0131 i\u015ftiraklerine, hizmet ald\u0131\u011f\u0131 ve\/veya i\u015f birli\u011fi yapt\u0131\u011f\u0131 yurti\u00e7i\/yurtd\u0131\u015f\u0131 ki\u015fi, kurum, kurulu\u015f ve\/veya di\u011fer \u00fc\u00e7\u00fcnc\u00fc ki\u015filere, aktar\u0131labilir.<\/p>\n<p class=\"p1\"><span class=\"s1\">\u00dcyelik hesab\u0131<\/span>\u00a0\/\u00a0<span class=\"s2\">dan\u0131\u015fan kayd\u0131<\/span>\u00a0a\u00e7\u0131lmas\u0131na ili\u015fkin ba\u015fvuru talebini ileten ki\u015fiye ait ki\u015fisel veriler, \u015eirket taraf\u0131ndan \u00e7al\u0131\u015fanlar\u0131, yurti\u00e7i\/yurtd\u0131\u015f\u0131 i\u015ftirakleri, i\u015f birli\u011fi yapt\u0131\u011f\u0131 ki\u015fi, kurum ve\/veya kurulu\u015flar, resm\u00ee kurumlar veya di\u011fer \u00fc\u00e7\u00fcnc\u00fc ki\u015filer, taraf\u0131ndan, s\u00f6zl\u00fc, yaz\u0131l\u0131 veya elektronik ortamda, tamamen veya k\u0131smen otomatik olan ya da herhangi bir veri kay\u0131t sisteminin par\u00e7as\u0131 olmak kayd\u0131yla otomatik olmayan yollarla toplanabilir.<\/p>\n<p class=\"p1\"><span class=\"s1\">\u00dcyelik hesab\u0131<\/span>\u00a0\/\u00a0<span class=\"s2\">dan\u0131\u015fan kayd\u0131<\/span>\u00a0a\u00e7\u0131lmas\u0131na ili\u015fkin ba\u015fvuru talebini ileten ki\u015finin a) kendisine ait ki\u015fisel verilerin i\u015flenip i\u015flenmedi\u011fini \u00f6\u011frenme, b) ki\u015fisel verileri i\u015flenmi\u015fse buna ili\u015fkin bilgi talep etme, c) ki\u015fisel verilerinin i\u015flenme amac\u0131n\u0131 ve bunlar\u0131n amac\u0131na uygun kullan\u0131l\u0131p kullan\u0131lmad\u0131\u011f\u0131n\u0131 \u00f6\u011frenme, d) yurt i\u00e7inde veya yurt d\u0131\u015f\u0131nda ki\u015fisel verilerinin aktar\u0131ld\u0131\u011f\u0131 \u00fc\u00e7\u00fcnc\u00fc ki\u015fileri bilme, e) ki\u015fisel verilerinin eksik veya yanl\u0131\u015f i\u015flenmi\u015f olmas\u0131 h\u00e2linde bunlar\u0131n d\u00fczeltilmesini isteme, f) mevzuatta \u00f6ng\u00f6r\u00fclen \u015fartlar \u00e7er\u00e7evesinde ki\u015fisel verilerinin silinmesini veya yok edilmesini isteme, g) (e) ve (f) bentleri uyar\u0131nca yap\u0131lan i\u015flemlerin, ki\u015fisel verilerinin aktar\u0131ld\u0131\u011f\u0131 \u00fc\u00e7\u00fcnc\u00fc ki\u015filere bildirilmesini isteme, h) i\u015flenen verilerinin m\u00fcnhas\u0131ran otomatik sistemler vas\u0131tas\u0131yla analiz edilmesi suretiyle kendisi aleyhine bir sonucun ortaya \u00e7\u0131kmas\u0131na itiraz etme, ve i) ki\u015fisel verilerinin kanuna ayk\u0131r\u0131 olarak i\u015flenmesi sebebiyle zarara u\u011framas\u0131 h\u00e2linde zarar\u0131n giderilmesini talep etme haklar\u0131 bulunmaktad\u0131r.<span class=\"Apple-converted-space\">\u00a0<\/span><\/p>\n<p class=\"p1\"><span class=\"s1\">Yukar\u0131da belirtilen haklara ili\u015fkin talepler,<span class=\"Apple-converted-space\">\u00a0\u00a0<\/span>noter kanal\u0131 ile G\u00fcne\u015fli, Ba\u011flar Mahallesi, Yal\u00e7\u0131n Kore\u015f Cd. H Blok No. 14 \u0130\u00e7 Kap\u0131 No: B\/47, 34197 Ba\u011fc\u0131lar\/\u0130stanbul adresine iletilmesini takiben en ge\u00e7 30 g\u00fcn i\u00e7erisinde \u00fccretsiz sonu\u00e7land\u0131r\u0131lacakt\u0131r.<\/span><span class=\"Apple-converted-space\">\u00a0<\/span><\/p>\n<p class=\"p1\"><strong>\u00dcYEN\u0130N A\u00c7IK RIZA BEYANI<\/strong><\/p>\n<p class=\"p1\">Yukar\u0131da taraf\u0131ma yap\u0131lan bilgilendirme \u00e7er\u00e7evesinde, verdi\u011fim t\u00fcm ki\u015fisel bilgileri kendi r\u0131zamla verdi\u011fimi beyan eder, vermi\u015f oldu\u011fum ki\u015fisel verilerin \u015eirket taraf\u0131ndan yukar\u0131da belirtilen ama\u00e7larla kullan\u0131lmas\u0131na, kaydedilmesine ve bu ama\u00e7larla yurt i\u00e7i ya da yurt d\u0131\u015f\u0131na aktar\u0131lmas\u0131na, ki\u015fisel ileti\u015fim bilgilerimin bu r\u0131za beyan\u0131 \u015fartlar\u0131 d\u00e2hilinde saklanmas\u0131na, kaydedilmesine ve \u00fc\u00e7\u00fcnc\u00fc ki\u015filer ile payla\u015f\u0131lmas\u0131na a\u00e7\u0131k muvafakatim oldu\u011funu, ki\u015fisel verilerinin i\u015flenmesine ve korunmas\u0131na ili\u015fkin olarak bilgi talep etme hakk\u0131m dahil olmak \u00fczere t\u00fcm haklar\u0131m\u0131 \u00f6\u011frendi\u011fimi ve veri sorumlusuna ba\u015fvurarak haklar\u0131m\u0131 Kanuna uygun bi\u00e7imde her zaman kullanabilece\u011fim noktas\u0131nda bilgilendirildi\u011fimi kabul ve beyan ederim.<\/p>\n<\/div>\n<\/div>\n<\/div>\n<\/div>\n<\/div>\n<\/div>\n<\/div>\n<\/section>\n<section class=\"l-section wpb_row height_custom\">\n<div class=\"l-section-h i-cf\">\n<div class=\"g-cols via_flex valign_top type_default\">\n<div class=\"vc_col-sm-12 wpb_column vc_column_container\">\n<div class=\"vc_column-inner\">\n<div class=\"wpb_wrapper\"><\/div>\n<\/div>\n<\/div>\n<\/div>\n<\/div>\n<\/section>\n","protected":false},"excerpt":{"rendered":"<p>Ki\u015fisel Verilerin Korunmas\u0131 Kanunu Ayd\u0131nlatma Metni \u0130\u015f bu metin \u00fcyelik s\u00f6zle\u015fmesi eki niteli\u011finde olup, s\u00f6zle\u015fme ile elde edilen Ki\u015fisel Verilere ili\u015fkin ayd\u0131nlatma metnini ve a\u00e7\u0131k r\u0131za beyan\u0131n\u0131 i\u00e7ermektedir.\u00a0 6698 say\u0131l\u0131 Ki\u015fisel Verilerin Korunmas\u0131 Kanunu uyar\u0131nca VER\u0130 SORUMLUSU \u015firketimiz Forever Clinica (her biri \u201c\u015eirket\u201d), i\u015fbu \u00dcyelik Formu\u00a0\/\u00a0Bilgi Alma Formu\u00a0sayesinde elde etmi\u015f oldu\u011fu,\u00a0\u00fcyelik hesab\u0131 a\u00e7\u0131lmas\u0131na ili\u015fkin\u00a0ba\u015fvuru talebini ileten ki\u015fiye ait ki\u015fisel verileri (Ad\/Soyad\/e-mail\/Telefon numaras\u0131\/Adres) ilgili mevzuat\u0131n izin verdi\u011fi durumlarda veri sorumlusu olarak[&hellip;]<\/p>\n","protected":false},"author":2,"featured_media":0,"parent":0,"menu_order":0,"comment_status":"closed","ping_status":"closed","template":"","meta":{"_acf_changed":false,"_uf_show_specific_survey":0,"_uf_disable_surveys":false,"_joinchat":[],"footnotes":""},"class_list":["post-1186","page","type-page","status-publish","hentry"],"acf":[],"aioseo_notices":[],"_links":{"self":[{"href":"https:\/\/foreverclinica.com\/tr\/wp-json\/wp\/v2\/pages\/1186","targetHints":{"allow":["GET"]}}],"collection":[{"href":"https:\/\/foreverclinica.com\/tr\/wp-json\/wp\/v2\/pages"}],"about":[{"href":"https:\/\/foreverclinica.com\/tr\/wp-json\/wp\/v2\/types\/page"}],"author":[{"embeddable":true,"href":"https:\/\/foreverclinica.com\/tr\/wp-json\/wp\/v2\/users\/2"}],"replies":[{"embeddable":true,"href":"https:\/\/foreverclinica.com\/tr\/wp-json\/wp\/v2\/comments?post=1186"}],"version-history":[{"count":2,"href":"https:\/\/foreverclinica.com\/tr\/wp-json\/wp\/v2\/pages\/1186\/revisions"}],"predecessor-version":[{"id":1189,"href":"https:\/\/foreverclinica.com\/tr\/wp-json\/wp\/v2\/pages\/1186\/revisions\/1189"}],"wp:attachment":[{"href":"https:\/\/foreverclinica.com\/tr\/wp-json\/wp\/v2\/media?parent=1186"}],"curies":[{"name":"wp","href":"https:\/\/api.w.org\/{rel}","templated":true}]}}