{"id":60,"date":"2020-06-05T06:07:07","date_gmt":"2020-06-05T03:07:07","guid":{"rendered":"http:\/\/cardioly.designervily.com\/demo1\/?page_id=12952"},"modified":"2023-12-01T19:50:25","modified_gmt":"2023-12-01T16:50:25","slug":"blog","status":"publish","type":"page","link":"https:\/\/foreverclinica.com\/tr\/blog\/","title":{"rendered":"Blog"},"content":{"rendered":"\t\t<div data-elementor-type=\"wp-page\" data-elementor-id=\"60\" class=\"elementor elementor-60\">\n\t\t\t\t\t\t<section class=\"elementor-section elementor-top-section elementor-element elementor-element-d937f83 dsvy-col-stretched-none dsvy-bg-color-over-image elementor-section-boxed elementor-section-height-default elementor-section-height-default\" data-id=\"d937f83\" data-element_type=\"section\" data-e-type=\"section\">\n\t\t\t\t\t\t<div class=\"elementor-container elementor-column-gap-no\">\n\t\t\t\t\t<div class=\"elementor-column elementor-col-100 elementor-top-column elementor-element elementor-element-e7d17d3 dsvy-bg-color-over-image\" data-id=\"e7d17d3\" data-element_type=\"column\" data-e-type=\"column\">\n\t\t\t<div class=\"elementor-widget-wrap elementor-element-populated\">\n\t\t\t\t\t\t<div class=\"elementor-element elementor-element-8921a16 elementor-widget elementor-widget-dsvy_blog_element\" data-id=\"8921a16\" data-element_type=\"widget\" data-e-type=\"widget\" data-widget_type=\"dsvy_blog_element.default\">\n\t\t\t\t<div class=\"elementor-widget-container\">\n\t\t\t\t\t\r\n\t\t<div class=\"designervily-element designervily-element-blog dsvy-element-blog-style-1 designervily-element-viewtype-row-column designervily-gap-30px\" data-show=\"9\" data-columns=\"3\" data-loop=\"false\" data-autoplay=\"false\" data-center=\"false\" data-nav=\"false\" data-dots=\"false\" data-autoplayspeed=\"1000\" data-margin=\"30px\"><div class=\"designervily-element-inner\">\r\n\t\t\r\n\t\t\t<div class=\"dsvy-ele-header-area\">\r\n\t\t\t\t\t<div class=\"dsvy-heading-subheading -align \"><\/div>\r\n\t\t\t\t\r\n\t\t\t<\/div>\r\n\r\n\t\t\t<div class=\"dsvy-element-posts-wrapper row multi-columns-row\">\r\n\r\n\t\t\t<article class=\"dsvy-ele dsvy-ele-blog dsvy-blog-style-1 col-md-4 uncategorized-tr dsvy-odd dsvy-col-odd\"><div class=\"post-item\">\r\n\t<div class=\"dsvy-featured-container\">\r\n\t\t<div class=\"dsvy-featured-wrapper\"><a href=\"https:\/\/foreverclinica.com\/tr\/meme-buyutmede-damla-mi-yuvarlak-protez-mi\/\"><img fetchpriority=\"high\" decoding=\"async\" width=\"770\" height=\"635\" src=\"https:\/\/foreverclinica.com\/wp-content\/uploads\/2026\/04\/Meme-Buyutmede-Damla-mi-Yuvarlak-Protez-mi-770x635.png\" class=\"attachment-dsvy-img-770x635 size-dsvy-img-770x635 wp-post-image\" alt=\"\" \/><\/a><\/div>\t\t\t\r\n\t<\/div>\r\n\t<div class=\"designervily-box-content\">\t\r\n\t\t\t<div class=\"dsvy-meta-date-wrapper dsvy-meta-line\">\t\t\t\t\t\r\n\t\t\t\t<span class=\"dsvy-meta-date\">03<\/span>\r\n\t\t\t\t<span class=\"dsvy-meta-month\">Nis<\/span>\r\n\t\t\t<\/div>\t\r\n\t\t<div class=\"dsvy-meta-container\">\t\t\t\t\t\t\r\n\t\t\t<div class=\"dsvy-meta-cat-wrapper dsvy-meta-line\">\t\t\t\t\t\r\n\t\t\t\t<div class=\"dsvy-meta-category\"><i class=\"dsvy-base-icon-folder-open-empty\"><\/i> <a href=\"https:\/\/foreverclinica.com\/tr\/category\/uncategorized-tr\/\" rel=\"category tag\">Uncategorized @tr<\/a><\/div>\t\r\n\t\t\t<\/div>\r\n\t\t\t\t\t\t\t\r\n\t\t\t\t\t<\/div>\r\n\t\t<h3 class=\"dsvy-post-title\"><a href=\"https:\/\/foreverclinica.com\/tr\/meme-buyutmede-damla-mi-yuvarlak-protez-mi\/\">Meme B\u00fcy\u00fctmede &#8216;Damla&#8217; m\u0131 &#8216;Yuvarlak&#8217; Protez mi?<\/a><\/h3>\r\n\t\t<div class=\"designervily-box-desc\">\t\r\n\t\t\t<div class=\"dsvy-read-more-link\"><a href=\"https:\/\/foreverclinica.com\/tr\/meme-buyutmede-damla-mi-yuvarlak-protez-mi\/\"><span>Read More<\/span><\/a><\/div>\t\r\n\t\t<\/div>\r\n\t<\/div>\r\n<\/div><\/article><article class=\"dsvy-ele dsvy-ele-blog dsvy-blog-style-1 col-md-4 uncategorized-tr dsvy-even dsvy-col-odd\"><div class=\"post-item\">\r\n\t<div class=\"dsvy-featured-container\">\r\n\t\t<div class=\"dsvy-featured-wrapper\"><a href=\"https:\/\/foreverclinica.com\/tr\/boyun-germe-ameliyati-nedir\/\"><img decoding=\"async\" width=\"770\" height=\"635\" src=\"https:\/\/foreverclinica.com\/wp-content\/uploads\/2026\/03\/Boyun-Germe-Ameliyati-Nedir-770x635.png\" class=\"attachment-dsvy-img-770x635 size-dsvy-img-770x635 wp-post-image\" alt=\"Boyun Germe Ameliyat\u0131 Nedir\" \/><\/a><\/div>\t\t\t\r\n\t<\/div>\r\n\t<div class=\"designervily-box-content\">\t\r\n\t\t\t<div class=\"dsvy-meta-date-wrapper dsvy-meta-line\">\t\t\t\t\t\r\n\t\t\t\t<span class=\"dsvy-meta-date\">27<\/span>\r\n\t\t\t\t<span class=\"dsvy-meta-month\">Mar<\/span>\r\n\t\t\t<\/div>\t\r\n\t\t<div class=\"dsvy-meta-container\">\t\t\t\t\t\t\r\n\t\t\t<div class=\"dsvy-meta-cat-wrapper dsvy-meta-line\">\t\t\t\t\t\r\n\t\t\t\t<div class=\"dsvy-meta-category\"><i class=\"dsvy-base-icon-folder-open-empty\"><\/i> <a href=\"https:\/\/foreverclinica.com\/tr\/category\/uncategorized-tr\/\" rel=\"category tag\">Uncategorized @tr<\/a><\/div>\t\r\n\t\t\t<\/div>\r\n\t\t\t\t\t\t\t\r\n\t\t\t\t\t<\/div>\r\n\t\t<h3 class=\"dsvy-post-title\"><a href=\"https:\/\/foreverclinica.com\/tr\/boyun-germe-ameliyati-nedir\/\">Boyun Germe Ameliyat\u0131 Nedir?<\/a><\/h3>\r\n\t\t<div class=\"designervily-box-desc\">\t\r\n\t\t\t<div class=\"dsvy-read-more-link\"><a href=\"https:\/\/foreverclinica.com\/tr\/boyun-germe-ameliyati-nedir\/\"><span>Read More<\/span><\/a><\/div>\t\r\n\t\t<\/div>\r\n\t<\/div>\r\n<\/div><\/article><article class=\"dsvy-ele dsvy-ele-blog dsvy-blog-style-1 col-md-4 uncategorized-tr dsvy-odd dsvy-col-odd\"><div class=\"post-item\">\r\n\t<div class=\"dsvy-featured-container\">\r\n\t\t<div class=\"dsvy-featured-wrapper\"><a href=\"https:\/\/foreverclinica.com\/tr\/obezite-cerrahisi-sonrasi-beslenme-ilk-1-ay-kurallari\/\"><img decoding=\"async\" width=\"770\" height=\"635\" src=\"https:\/\/foreverclinica.com\/wp-content\/uploads\/2026\/03\/Obezite-Cerrahisi-Sonrasi-Beslenme_-Ilk-1-Ay-Kurallari-770x635.png\" class=\"attachment-dsvy-img-770x635 size-dsvy-img-770x635 wp-post-image\" alt=\"Obezite Cerrahisi Sonras\u0131 Beslenme_ \u0130lk 1 Ay Kurallar\u0131\" \/><\/a><\/div>\t\t\t\r\n\t<\/div>\r\n\t<div class=\"designervily-box-content\">\t\r\n\t\t\t<div class=\"dsvy-meta-date-wrapper dsvy-meta-line\">\t\t\t\t\t\r\n\t\t\t\t<span class=\"dsvy-meta-date\">20<\/span>\r\n\t\t\t\t<span class=\"dsvy-meta-month\">Mar<\/span>\r\n\t\t\t<\/div>\t\r\n\t\t<div class=\"dsvy-meta-container\">\t\t\t\t\t\t\r\n\t\t\t<div class=\"dsvy-meta-cat-wrapper dsvy-meta-line\">\t\t\t\t\t\r\n\t\t\t\t<div class=\"dsvy-meta-category\"><i class=\"dsvy-base-icon-folder-open-empty\"><\/i> <a href=\"https:\/\/foreverclinica.com\/tr\/category\/uncategorized-tr\/\" rel=\"category tag\">Uncategorized @tr<\/a><\/div>\t\r\n\t\t\t<\/div>\r\n\t\t\t\t\t\t\t\r\n\t\t\t\t\t<\/div>\r\n\t\t<h3 class=\"dsvy-post-title\"><a href=\"https:\/\/foreverclinica.com\/tr\/obezite-cerrahisi-sonrasi-beslenme-ilk-1-ay-kurallari\/\">Obezite Cerrahisi Sonras\u0131 Beslenme: \u0130lk 1 Ay Kurallar\u0131<\/a><\/h3>\r\n\t\t<div class=\"designervily-box-desc\">\t\r\n\t\t\t<div class=\"dsvy-read-more-link\"><a href=\"https:\/\/foreverclinica.com\/tr\/obezite-cerrahisi-sonrasi-beslenme-ilk-1-ay-kurallari\/\"><span>Read More<\/span><\/a><\/div>\t\r\n\t\t<\/div>\r\n\t<\/div>\r\n<\/div><\/article><article class=\"dsvy-ele dsvy-ele-blog dsvy-blog-style-1 col-md-4 uncategorized-tr dsvy-even dsvy-col-even\"><div class=\"post-item\">\r\n\t<div class=\"dsvy-featured-container\">\r\n\t\t<div class=\"dsvy-featured-wrapper\"><a href=\"https:\/\/foreverclinica.com\/tr\/hollywood-gulusu-tasarimi-nasil-yapilir\/\"><img loading=\"lazy\" decoding=\"async\" width=\"770\" height=\"635\" src=\"https:\/\/foreverclinica.com\/wp-content\/uploads\/2026\/03\/Hollywood-Gulusu-Tasarimi-Nasil-Yapilir-770x635.png\" class=\"attachment-dsvy-img-770x635 size-dsvy-img-770x635 wp-post-image\" alt=\"\" \/><\/a><\/div>\t\t\t\r\n\t<\/div>\r\n\t<div class=\"designervily-box-content\">\t\r\n\t\t\t<div class=\"dsvy-meta-date-wrapper dsvy-meta-line\">\t\t\t\t\t\r\n\t\t\t\t<span class=\"dsvy-meta-date\">14<\/span>\r\n\t\t\t\t<span class=\"dsvy-meta-month\">Mar<\/span>\r\n\t\t\t<\/div>\t\r\n\t\t<div class=\"dsvy-meta-container\">\t\t\t\t\t\t\r\n\t\t\t<div class=\"dsvy-meta-cat-wrapper dsvy-meta-line\">\t\t\t\t\t\r\n\t\t\t\t<div class=\"dsvy-meta-category\"><i class=\"dsvy-base-icon-folder-open-empty\"><\/i> <a href=\"https:\/\/foreverclinica.com\/tr\/category\/uncategorized-tr\/\" rel=\"category tag\">Uncategorized @tr<\/a><\/div>\t\r\n\t\t\t<\/div>\r\n\t\t\t\t\t\t\t\r\n\t\t\t\t\t<\/div>\r\n\t\t<h3 class=\"dsvy-post-title\"><a href=\"https:\/\/foreverclinica.com\/tr\/hollywood-gulusu-tasarimi-nasil-yapilir\/\">Hollywood G\u00fcl\u00fc\u015f\u00fc Tasar\u0131m\u0131 Nas\u0131l Yap\u0131l\u0131r?<\/a><\/h3>\r\n\t\t<div class=\"designervily-box-desc\">\t\r\n\t\t\t<div class=\"dsvy-read-more-link\"><a href=\"https:\/\/foreverclinica.com\/tr\/hollywood-gulusu-tasarimi-nasil-yapilir\/\"><span>Read More<\/span><\/a><\/div>\t\r\n\t\t<\/div>\r\n\t<\/div>\r\n<\/div><\/article><article class=\"dsvy-ele dsvy-ele-blog dsvy-blog-style-1 col-md-4 uncategorized-tr dsvy-odd dsvy-col-even\"><div class=\"post-item\">\r\n\t<div class=\"dsvy-featured-container\">\r\n\t\t<div class=\"dsvy-featured-wrapper\"><a href=\"https:\/\/foreverclinica.com\/tr\/tup-mide-mide-kucultme-ameliyati-kimler-icin-uygundur\/\"><img loading=\"lazy\" decoding=\"async\" width=\"770\" height=\"635\" src=\"https:\/\/foreverclinica.com\/wp-content\/uploads\/2026\/02\/Tup-Mide-Mide-Kucultme-Ameliyati-Kimler-Icin-Uygundur-770x635.png\" class=\"attachment-dsvy-img-770x635 size-dsvy-img-770x635 wp-post-image\" alt=\"T\u00fcp Mide (Mide K\u00fc\u00e7\u00fcltme) Ameliyat\u0131 Kimler \u0130\u00e7in Uygundur\" \/><\/a><\/div>\t\t\t\r\n\t<\/div>\r\n\t<div class=\"designervily-box-content\">\t\r\n\t\t\t<div class=\"dsvy-meta-date-wrapper dsvy-meta-line\">\t\t\t\t\t\r\n\t\t\t\t<span class=\"dsvy-meta-date\">27<\/span>\r\n\t\t\t\t<span class=\"dsvy-meta-month\">\u015eub<\/span>\r\n\t\t\t<\/div>\t\r\n\t\t<div class=\"dsvy-meta-container\">\t\t\t\t\t\t\r\n\t\t\t<div class=\"dsvy-meta-cat-wrapper dsvy-meta-line\">\t\t\t\t\t\r\n\t\t\t\t<div class=\"dsvy-meta-category\"><i class=\"dsvy-base-icon-folder-open-empty\"><\/i> <a href=\"https:\/\/foreverclinica.com\/tr\/category\/uncategorized-tr\/\" rel=\"category tag\">Uncategorized @tr<\/a><\/div>\t\r\n\t\t\t<\/div>\r\n\t\t\t\t\t\t\t\r\n\t\t\t\t\t<\/div>\r\n\t\t<h3 class=\"dsvy-post-title\"><a href=\"https:\/\/foreverclinica.com\/tr\/tup-mide-mide-kucultme-ameliyati-kimler-icin-uygundur\/\">T\u00fcp Mide (Mide K\u00fc\u00e7\u00fcltme) Ameliyat\u0131 Kimler \u0130\u00e7in Uygundur?<\/a><\/h3>\r\n\t\t<div class=\"designervily-box-desc\">\t\r\n\t\t\t<div class=\"dsvy-read-more-link\"><a href=\"https:\/\/foreverclinica.com\/tr\/tup-mide-mide-kucultme-ameliyati-kimler-icin-uygundur\/\"><span>Read More<\/span><\/a><\/div>\t\r\n\t\t<\/div>\r\n\t<\/div>\r\n<\/div><\/article><article class=\"dsvy-ele dsvy-ele-blog dsvy-blog-style-1 col-md-4 uncategorized-tr dsvy-even dsvy-col-even\"><div class=\"post-item\">\r\n\t<div class=\"dsvy-featured-container\">\r\n\t\t<div class=\"dsvy-featured-wrapper\"><a href=\"https:\/\/foreverclinica.com\/tr\/sac-ekimi-sonrasi-ilk-10-gun-yikama-ve-kabuk-dokme\/\"><img loading=\"lazy\" decoding=\"async\" width=\"770\" height=\"635\" src=\"https:\/\/foreverclinica.com\/wp-content\/uploads\/2026\/02\/Sac-Ekimi-Sonrasi-Ilk-10-Gun_-Yikama-ve-Kabuk-Dokme-770x635.png\" class=\"attachment-dsvy-img-770x635 size-dsvy-img-770x635 wp-post-image\" alt=\"\" \/><\/a><\/div>\t\t\t\r\n\t<\/div>\r\n\t<div class=\"designervily-box-content\">\t\r\n\t\t\t<div class=\"dsvy-meta-date-wrapper dsvy-meta-line\">\t\t\t\t\t\r\n\t\t\t\t<span class=\"dsvy-meta-date\">25<\/span>\r\n\t\t\t\t<span class=\"dsvy-meta-month\">\u015eub<\/span>\r\n\t\t\t<\/div>\t\r\n\t\t<div class=\"dsvy-meta-container\">\t\t\t\t\t\t\r\n\t\t\t<div class=\"dsvy-meta-cat-wrapper dsvy-meta-line\">\t\t\t\t\t\r\n\t\t\t\t<div class=\"dsvy-meta-category\"><i class=\"dsvy-base-icon-folder-open-empty\"><\/i> <a href=\"https:\/\/foreverclinica.com\/tr\/category\/uncategorized-tr\/\" rel=\"category tag\">Uncategorized @tr<\/a><\/div>\t\r\n\t\t\t<\/div>\r\n\t\t\t\t\t\t\t\r\n\t\t\t\t\t<\/div>\r\n\t\t<h3 class=\"dsvy-post-title\"><a href=\"https:\/\/foreverclinica.com\/tr\/sac-ekimi-sonrasi-ilk-10-gun-yikama-ve-kabuk-dokme\/\">Sa\u00e7 Ekimi Sonras\u0131 \u0130lk 10 G\u00fcn: Y\u0131kama ve Kabuk D\u00f6kme<\/a><\/h3>\r\n\t\t<div class=\"designervily-box-desc\">\t\r\n\t\t\t<div class=\"dsvy-read-more-link\"><a href=\"https:\/\/foreverclinica.com\/tr\/sac-ekimi-sonrasi-ilk-10-gun-yikama-ve-kabuk-dokme\/\"><span>Read More<\/span><\/a><\/div>\t\r\n\t\t<\/div>\r\n\t<\/div>\r\n<\/div><\/article><article class=\"dsvy-ele dsvy-ele-blog dsvy-blog-style-1 col-md-4 uncategorized-tr dsvy-odd dsvy-col-odd\"><div class=\"post-item\">\r\n\t<div class=\"dsvy-featured-container\">\r\n\t\t<div class=\"dsvy-featured-wrapper\"><a href=\"https:\/\/foreverclinica.com\/tr\/burun-estetigi-iyilesme-sureci-tamponlar-ne-zaman-cikar\/\"><img loading=\"lazy\" decoding=\"async\" width=\"770\" height=\"635\" src=\"https:\/\/foreverclinica.com\/wp-content\/uploads\/2026\/02\/Burun-Estetigi-Iyilesme-Sureci-Tamponlar-Ne-Zaman-Cikar-770x635.png\" class=\"attachment-dsvy-img-770x635 size-dsvy-img-770x635 wp-post-image\" alt=\"Burun Esteti\u011fi \u0130yile\u015fme S\u00fcreci Tamponlar Ne Zaman \u00c7\u0131kar\" \/><\/a><\/div>\t\t\t\r\n\t<\/div>\r\n\t<div class=\"designervily-box-content\">\t\r\n\t\t\t<div class=\"dsvy-meta-date-wrapper dsvy-meta-line\">\t\t\t\t\t\r\n\t\t\t\t<span class=\"dsvy-meta-date\">06<\/span>\r\n\t\t\t\t<span class=\"dsvy-meta-month\">\u015eub<\/span>\r\n\t\t\t<\/div>\t\r\n\t\t<div class=\"dsvy-meta-container\">\t\t\t\t\t\t\r\n\t\t\t<div class=\"dsvy-meta-cat-wrapper dsvy-meta-line\">\t\t\t\t\t\r\n\t\t\t\t<div class=\"dsvy-meta-category\"><i class=\"dsvy-base-icon-folder-open-empty\"><\/i> <a href=\"https:\/\/foreverclinica.com\/tr\/category\/uncategorized-tr\/\" rel=\"category tag\">Uncategorized @tr<\/a><\/div>\t\r\n\t\t\t<\/div>\r\n\t\t\t\t\t\t\t\r\n\t\t\t\t\t<\/div>\r\n\t\t<h3 class=\"dsvy-post-title\"><a href=\"https:\/\/foreverclinica.com\/tr\/burun-estetigi-iyilesme-sureci-tamponlar-ne-zaman-cikar\/\">Burun Esteti\u011fi \u0130yile\u015fme S\u00fcreci: Tamponlar Ne Zaman \u00c7\u0131kar?<\/a><\/h3>\r\n\t\t<div class=\"designervily-box-desc\">\t\r\n\t\t\t<div class=\"dsvy-read-more-link\"><a href=\"https:\/\/foreverclinica.com\/tr\/burun-estetigi-iyilesme-sureci-tamponlar-ne-zaman-cikar\/\"><span>Read More<\/span><\/a><\/div>\t\r\n\t\t<\/div>\r\n\t<\/div>\r\n<\/div><\/article><article class=\"dsvy-ele dsvy-ele-blog dsvy-blog-style-1 col-md-4 uncategorized-tr dsvy-even dsvy-col-odd\"><div class=\"post-item\">\r\n\t<div class=\"dsvy-featured-container\">\r\n\t\t<div class=\"dsvy-featured-wrapper\"><a href=\"https:\/\/foreverclinica.com\/tr\/deri-sarkmasi-ameliyati-nedir-deri-sarkmasi-operasyonu\/\"><img loading=\"lazy\" decoding=\"async\" width=\"770\" height=\"635\" src=\"https:\/\/foreverclinica.com\/wp-content\/uploads\/2026\/01\/Deri-Sarkmasi-Ameliyati-Nedir_-Deri-Sarkmasi-Operasyonu-770x635.png\" class=\"attachment-dsvy-img-770x635 size-dsvy-img-770x635 wp-post-image\" alt=\"Deri Sarkmas\u0131 Ameliyat\u0131 Nedir_ Deri Sarkmas\u0131 Operasyonu\" \/><\/a><\/div>\t\t\t\r\n\t<\/div>\r\n\t<div class=\"designervily-box-content\">\t\r\n\t\t\t<div class=\"dsvy-meta-date-wrapper dsvy-meta-line\">\t\t\t\t\t\r\n\t\t\t\t<span class=\"dsvy-meta-date\">30<\/span>\r\n\t\t\t\t<span class=\"dsvy-meta-month\">Oca<\/span>\r\n\t\t\t<\/div>\t\r\n\t\t<div class=\"dsvy-meta-container\">\t\t\t\t\t\t\r\n\t\t\t<div class=\"dsvy-meta-cat-wrapper dsvy-meta-line\">\t\t\t\t\t\r\n\t\t\t\t<div class=\"dsvy-meta-category\"><i class=\"dsvy-base-icon-folder-open-empty\"><\/i> <a href=\"https:\/\/foreverclinica.com\/tr\/category\/uncategorized-tr\/\" rel=\"category tag\">Uncategorized @tr<\/a><\/div>\t\r\n\t\t\t<\/div>\r\n\t\t\t\t\t\t\t\r\n\t\t\t\t\t<\/div>\r\n\t\t<h3 class=\"dsvy-post-title\"><a href=\"https:\/\/foreverclinica.com\/tr\/deri-sarkmasi-ameliyati-nedir-deri-sarkmasi-operasyonu\/\">Deri Sarkmas\u0131 Ameliyat\u0131 Nedir? Deri Sarkmas\u0131 Operasyonu<\/a><\/h3>\r\n\t\t<div class=\"designervily-box-desc\">\t\r\n\t\t\t<div class=\"dsvy-read-more-link\"><a href=\"https:\/\/foreverclinica.com\/tr\/deri-sarkmasi-ameliyati-nedir-deri-sarkmasi-operasyonu\/\"><span>Read More<\/span><\/a><\/div>\t\r\n\t\t<\/div>\r\n\t<\/div>\r\n<\/div><\/article><article class=\"dsvy-ele dsvy-ele-blog dsvy-blog-style-1 col-md-4 uncategorized-tr dsvy-odd dsvy-col-odd\"><div class=\"post-item\">\r\n\t<div class=\"dsvy-featured-container\">\r\n\t\t<div class=\"dsvy-featured-wrapper\"><a href=\"https:\/\/foreverclinica.com\/tr\/mentor-meme-protezi-nedir-mentor-meme-protezi-cesitleri\/\"><img loading=\"lazy\" decoding=\"async\" width=\"770\" height=\"635\" src=\"https:\/\/foreverclinica.com\/wp-content\/uploads\/2026\/01\/Mentor-Meme-Protezi-Nedir-Mentor-Meme-Protezi-Cesitleri-770x635.png\" class=\"attachment-dsvy-img-770x635 size-dsvy-img-770x635 wp-post-image\" alt=\"Mentor Meme Protezi Nedir? Mentor Meme Protezi C\u0327es\u0327itleri\" \/><\/a><\/div>\t\t\t\r\n\t<\/div>\r\n\t<div class=\"designervily-box-content\">\t\r\n\t\t\t<div class=\"dsvy-meta-date-wrapper dsvy-meta-line\">\t\t\t\t\t\r\n\t\t\t\t<span class=\"dsvy-meta-date\">22<\/span>\r\n\t\t\t\t<span class=\"dsvy-meta-month\">Oca<\/span>\r\n\t\t\t<\/div>\t\r\n\t\t<div class=\"dsvy-meta-container\">\t\t\t\t\t\t\r\n\t\t\t<div class=\"dsvy-meta-cat-wrapper dsvy-meta-line\">\t\t\t\t\t\r\n\t\t\t\t<div class=\"dsvy-meta-category\"><i class=\"dsvy-base-icon-folder-open-empty\"><\/i> <a href=\"https:\/\/foreverclinica.com\/tr\/category\/uncategorized-tr\/\" rel=\"category tag\">Uncategorized @tr<\/a><\/div>\t\r\n\t\t\t<\/div>\r\n\t\t\t\t\t\t\t\r\n\t\t\t\t\t<\/div>\r\n\t\t<h3 class=\"dsvy-post-title\"><a href=\"https:\/\/foreverclinica.com\/tr\/mentor-meme-protezi-nedir-mentor-meme-protezi-cesitleri\/\">Mentor Meme Protezi Nedir? Mentor Meme Protezi C\u0327es\u0327itleri<\/a><\/h3>\r\n\t\t<div class=\"designervily-box-desc\">\t\r\n\t\t\t<div class=\"dsvy-read-more-link\"><a href=\"https:\/\/foreverclinica.com\/tr\/mentor-meme-protezi-nedir-mentor-meme-protezi-cesitleri\/\"><span>Read More<\/span><\/a><\/div>\t\r\n\t\t<\/div>\r\n\t<\/div>\r\n<\/div><\/article>\r\n\t\t\t<\/div>\r\n\r\n\t\t\t\r\n\t\t\r\n\t\t<\/div><!-- .designervily-element-inner -->   <\/div><!-- .designervily-element -->  \r\n\t    \t\t\t\t<\/div>\n\t\t\t\t<\/div>\n\t\t\t\t\t<\/div>\n\t\t<\/div>\n\t\t\t\t\t<\/div>\n\t\t<\/section>\n\t\t\t\t<\/div>\n\t\t","protected":false},"excerpt":{"rendered":"<p>27 Aug Treatment Is Running Really Good for the Heart? Read More 27 Aug Healthcare Modeling data increase to endovascular therapy Read More 27 Aug Discounts Get the Exercise Tips for Limited Mobility Read More 03 Jun Assistance Hard content we decide ourselves a intently Read More 03 Jun Treatment Heart Failure Treatment: High Blood Pressure Read More 03 Jun Assistance . Uncategorized For Examination of kids get Special offers[&hellip;]<\/p>\n","protected":false},"author":1,"featured_media":0,"parent":0,"menu_order":14,"comment_status":"closed","ping_status":"closed","template":"","meta":{"_acf_changed":false,"_uf_show_specific_survey":0,"_uf_disable_surveys":false,"_joinchat":[],"footnotes":""},"class_list":["post-60","page","type-page","status-publish","hentry"],"acf":[],"aioseo_notices":[],"_links":{"self":[{"href":"https:\/\/foreverclinica.com\/tr\/wp-json\/wp\/v2\/pages\/60","targetHints":{"allow":["GET"]}}],"collection":[{"href":"https:\/\/foreverclinica.com\/tr\/wp-json\/wp\/v2\/pages"}],"about":[{"href":"https:\/\/foreverclinica.com\/tr\/wp-json\/wp\/v2\/types\/page"}],"author":[{"embeddable":true,"href":"https:\/\/foreverclinica.com\/tr\/wp-json\/wp\/v2\/users\/1"}],"replies":[{"embeddable":true,"href":"https:\/\/foreverclinica.com\/tr\/wp-json\/wp\/v2\/comments?post=60"}],"version-history":[{"count":1,"href":"https:\/\/foreverclinica.com\/tr\/wp-json\/wp\/v2\/pages\/60\/revisions"}],"predecessor-version":[{"id":334,"href":"https:\/\/foreverclinica.com\/tr\/wp-json\/wp\/v2\/pages\/60\/revisions\/334"}],"wp:attachment":[{"href":"https:\/\/foreverclinica.com\/tr\/wp-json\/wp\/v2\/media?parent=60"}],"curies":[{"name":"wp","href":"https:\/\/api.w.org\/{rel}","templated":true}]}}