{"id":67,"date":"2020-05-30T03:47:46","date_gmt":"2020-05-30T00:47:46","guid":{"rendered":"http:\/\/cardioly.designervily.com\/demo1\/?page_id=12661"},"modified":"2024-07-19T10:33:54","modified_gmt":"2024-07-19T07:33:54","slug":"hakkimizda","status":"publish","type":"page","link":"https:\/\/foreverclinica.com\/tr\/hakkimizda\/","title":{"rendered":"Hakk\u0131m\u0131zda"},"content":{"rendered":"\t\t<div data-elementor-type=\"wp-page\" data-elementor-id=\"67\" class=\"elementor elementor-67\">\n\t\t\t\t\t\t<section class=\"elementor-section elementor-top-section elementor-element elementor-element-e084afd dsvy-bg-color-yes dsvy-elementor-bg-color-white elementor-section-content-middle dsvy-col-stretched-none dsvy-bg-color-over-image elementor-section-boxed elementor-section-height-default elementor-section-height-default\" data-id=\"e084afd\" data-element_type=\"section\" data-e-type=\"section\">\n\t\t\t\t\t\t<div class=\"elementor-container elementor-column-gap-no\">\n\t\t\t\t\t<div class=\"elementor-column elementor-col-50 elementor-top-column elementor-element elementor-element-4ed2f04 dsvy-bg-color-over-image\" data-id=\"4ed2f04\" data-element_type=\"column\" data-e-type=\"column\">\n\t\t\t<div class=\"elementor-widget-wrap elementor-element-populated\">\n\t\t\t\t\t\t<div class=\"elementor-element elementor-element-bb0715f elementor-widget__width-auto elementor-absolute elementor-widget elementor-widget-dsvy_fid_element\" data-id=\"bb0715f\" data-element_type=\"widget\" data-e-type=\"widget\" data-settings=\"{&quot;_position&quot;:&quot;absolute&quot;}\" data-widget_type=\"dsvy_fid_element.default\">\n\t\t\t\t<div class=\"elementor-widget-container\">\n\t\t\t\t\t<div class=\"designervily-ele designervily-ele-fid designervily-ele-fid-style-5 \"><div class=\"dsvy-fld-contents d-flex\">\r\n\t<div class=\"dsvy-sbox-icon-wrapper\"><i class=\"dsvy-cardioly-icon dsvy-cardioly-icon-heart-rate\"><\/i><\/div>\t<div class=\"dsvy-fld-content-wrap\">\r\n\t\t<h4 class=\"dsvy-fid-inner\">\r\n\t\t\t\t\t\t<span class=\"dsvy-number-rotate\" data-appear-animation=\"animateDigits\" data-from=\"0\" data-to=\"4000\" data-interval=\"5\" data-before=\"\" data-before-style=\"\" data-after=\"\" data-after-style=\"\">\r\n\t\t\t\t\t4000<\/span><span class=\"dsvy-fid-sub\"><sup>+<\/sup><\/span>\r\n\t\t<\/h4>\r\n\t\t<span class=\"dsvy-fid-title\">Mutlu Hasta<\/span>\r\n\t<\/div>\r\n<\/div><!-- .dsvy-fld-contents -->\r\n<\/div>\t\t\t\t<\/div>\n\t\t\t\t<\/div>\n\t\t\t\t<div class=\"elementor-element elementor-element-5d07282 elementor-widget elementor-widget-image\" data-id=\"5d07282\" data-element_type=\"widget\" data-e-type=\"widget\" data-widget_type=\"image.default\">\n\t\t\t\t<div class=\"elementor-widget-container\">\n\t\t\t\t\t\t\t\t\t\t\t\t\t\t\t<img decoding=\"async\" src=\"http:\/\/foreverclinica.com\/wp-content\/uploads\/2022\/06\/landing_doctors.png\" title=\"\" alt=\"\" loading=\"lazy\" \/>\t\t\t\t\t\t\t\t\t\t\t\t\t\t\t<\/div>\n\t\t\t\t<\/div>\n\t\t\t\t\t<\/div>\n\t\t<\/div>\n\t\t\t\t<div class=\"elementor-column elementor-col-50 elementor-top-column elementor-element elementor-element-8d897e1 dsvy-bg-color-over-image\" data-id=\"8d897e1\" data-element_type=\"column\" data-e-type=\"column\">\n\t\t\t<div class=\"elementor-widget-wrap elementor-element-populated\">\n\t\t\t\t\t\t<div class=\"elementor-element elementor-element-b566240 dsvy-align-left elementor-widget elementor-widget-dsvy_heading\" data-id=\"b566240\" data-element_type=\"widget\" data-e-type=\"widget\" data-widget_type=\"dsvy_heading.default\">\n\t\t\t\t<div class=\"elementor-widget-container\">\n\t\t\t\t\t\t<div class=\"dsvy-heading-subheading -align dsvy-reverse-heading-yes\"><h4 class=\"dsvy-element-subtitle\">\r\n\t\t\t\r\n\t\t\t\tForever Clinica\r\n\t\t\t\r\n\t\t\t<\/h4>\r\n\t\t<h2 class=\"dsvy-element-title\">\r\n\t\t\t\r\n\t\t\t\tHakk\u0131m\u0131zda\r\n\t\t\t\r\n\t\t\t<\/h2>\r\n\t\t<\/div>\t\t\t\t<\/div>\n\t\t\t\t<\/div>\n\t\t\t\t<div class=\"elementor-element elementor-element-0d6ad3f elementor-widget elementor-widget-text-editor\" data-id=\"0d6ad3f\" data-element_type=\"widget\" data-e-type=\"widget\" data-widget_type=\"text-editor.default\">\n\t\t\t\t<div class=\"elementor-widget-container\">\n\t\t\t\t\t\t\t\t\t<p>2018 y\u0131l\u0131nda ba\u015flam\u0131\u015f oldu\u011fumuz bu yolculukta y\u0131llar\u0131n vermi\u015f oldu\u011fu deneyim ve tecr\u00fcbe ile i\u015fimizi her g\u00fcn daha \u00e7ok severek yaparak geli\u015ftirmeye ba\u015flad\u0131k.<\/p><p>\u015eimdi Forever Clinic olarak hastalar\u0131m\u0131z\u0131n ihtiya\u00e7lar\u0131na ve sa\u011fl\u0131\u011f\u0131na uygun tedavileri almalar\u0131na arac\u0131 oluyoruz.<\/p><p>Her ge\u00e7en g\u00fcn kendimizi i\u015fimizde geli\u015ftirerek, siz de\u011ferli misafirlerimize en iyi ve en kaliteli hizmeti vermek i\u00e7in daha \u00e7ok \u00e7al\u0131\u015f\u0131yoruz.<\/p><p><strong>Tedaviler uluslararas\u0131 sa\u011fl\u0131k turizmi yetki belgesine sahip anla\u015fmal\u0131 sa\u011fl\u0131k kurulu\u015flar\u0131nda ger\u00e7ekle\u015ftirilecek<\/strong><\/p>\t\t\t\t\t\t\t\t<\/div>\n\t\t\t\t<\/div>\n\t\t\t\t<div class=\"elementor-element elementor-element-f588a18 elementor-widget elementor-widget-progress\" data-id=\"f588a18\" data-element_type=\"widget\" data-e-type=\"widget\" data-widget_type=\"progress.default\">\n\t\t\t\t<div class=\"elementor-widget-container\">\n\t\t\t\t\t\t\t\t<span class=\"elementor-title\" id=\"elementor-progress-bar-f588a18\">\n\t\t\t\tM\u00fc\u015fteri Memnuniyeti\t\t\t<\/span>\n\t\t\n\t\t<div aria-labelledby=\"elementor-progress-bar-f588a18\" class=\"elementor-progress-wrapper\" role=\"progressbar\" aria-valuemin=\"0\" aria-valuemax=\"100\" aria-valuenow=\"100\" aria-valuetext=\"100% (Web Designer)\">\n\t\t\t<div class=\"elementor-progress-bar\" data-max=\"100\">\n\t\t\t\t<span class=\"elementor-progress-text\">Web Designer<\/span>\n\t\t\t\t\t\t\t\t\t<span class=\"elementor-progress-percentage\">100%<\/span>\n\t\t\t\t\t\t\t<\/div>\n\t\t<\/div>\n\t\t\t\t\t\t<\/div>\n\t\t\t\t<\/div>\n\t\t\t\t<div class=\"elementor-element elementor-element-f680847 elementor-widget elementor-widget-progress\" data-id=\"f680847\" data-element_type=\"widget\" data-e-type=\"widget\" data-widget_type=\"progress.default\">\n\t\t\t\t<div class=\"elementor-widget-container\">\n\t\t\t\t\t\t\t\t<span class=\"elementor-title\" id=\"elementor-progress-bar-f680847\">\n\t\t\t\tMutlu M\u00fc\u015fteri\t\t\t<\/span>\n\t\t\n\t\t<div aria-labelledby=\"elementor-progress-bar-f680847\" class=\"elementor-progress-wrapper\" role=\"progressbar\" aria-valuemin=\"0\" aria-valuemax=\"100\" aria-valuenow=\"100\" aria-valuetext=\"100% (Mutlu M\u00fc\u015fteri)\">\n\t\t\t<div class=\"elementor-progress-bar\" data-max=\"100\">\n\t\t\t\t<span class=\"elementor-progress-text\">Mutlu M\u00fc\u015fteri<\/span>\n\t\t\t\t\t\t\t\t\t<span class=\"elementor-progress-percentage\">100%<\/span>\n\t\t\t\t\t\t\t<\/div>\n\t\t<\/div>\n\t\t\t\t\t\t<\/div>\n\t\t\t\t<\/div>\n\t\t\t\t\t<\/div>\n\t\t<\/div>\n\t\t\t\t\t<\/div>\n\t\t<\/section>\n\t\t\t\t<section class=\"elementor-section elementor-top-section elementor-element elementor-element-431c9da elementor-section-stretched dsvy-fid-sep dsvy-bg-color-yes dsvy-elementor-bg-color-blackish dsvy-bg-image-over-color dsvy-col-stretched-none elementor-section-boxed elementor-section-height-default elementor-section-height-default\" data-id=\"431c9da\" data-element_type=\"section\" data-e-type=\"section\" data-settings=\"{&quot;stretch_section&quot;:&quot;section-stretched&quot;,&quot;background_background&quot;:&quot;classic&quot;}\">\n\t\t\t\t\t\t\t<div class=\"elementor-background-overlay\"><\/div>\n\t\t\t\t\t\t\t<div class=\"elementor-container elementor-column-gap-no\">\n\t\t\t\t\t<div class=\"elementor-column elementor-col-25 elementor-top-column elementor-element elementor-element-e3676b4 dsvy-bg-color-over-image\" data-id=\"e3676b4\" data-element_type=\"column\" data-e-type=\"column\">\n\t\t\t<div class=\"elementor-widget-wrap elementor-element-populated\">\n\t\t\t\t\t\t<div class=\"elementor-element elementor-element-39dd413 elementor-widget elementor-widget-dsvy_fid_element\" data-id=\"39dd413\" data-element_type=\"widget\" data-e-type=\"widget\" data-widget_type=\"dsvy_fid_element.default\">\n\t\t\t\t<div class=\"elementor-widget-container\">\n\t\t\t\t\t<div class=\"designervily-ele designervily-ele-fid designervily-ele-fid-style-3 \"><div class=\"dsvy-fld-contents\">\r\n\t<div class=\"dsvy-sbox-icon-wrapper\"><i class=\"dsvy-cardioly-icon dsvy-cardioly-icon-heartbeat\"><\/i><\/div>\t<h4 class=\"dsvy-fid-inner\">\r\n\t\t\t\t<span class=\"dsvy-number-rotate\" data-appear-animation=\"animateDigits\" data-from=\"0\" data-to=\"9000\" data-interval=\"5\" data-before=\"\" data-before-style=\"\" data-after=\"\" data-after-style=\"\">\r\n\t\t\t\t9000\t\t<\/span><span class=\"dsvy-fid-sub\"><sup>+<\/sup><\/span>\r\n\t<\/h4>\r\n\t<span class=\"dsvy-fid-title\">Toplam \u0130\u015flem<\/span>\r\n<\/div><!-- .dsvy-fld-contents -->\r\n<\/div>\t\t\t\t<\/div>\n\t\t\t\t<\/div>\n\t\t\t\t\t<\/div>\n\t\t<\/div>\n\t\t\t\t<div class=\"elementor-column elementor-col-25 elementor-top-column elementor-element elementor-element-98201c8 dsvy-bg-color-over-image\" data-id=\"98201c8\" data-element_type=\"column\" data-e-type=\"column\">\n\t\t\t<div class=\"elementor-widget-wrap elementor-element-populated\">\n\t\t\t\t\t\t<div class=\"elementor-element elementor-element-3b97693 elementor-widget elementor-widget-dsvy_fid_element\" data-id=\"3b97693\" data-element_type=\"widget\" data-e-type=\"widget\" data-widget_type=\"dsvy_fid_element.default\">\n\t\t\t\t<div class=\"elementor-widget-container\">\n\t\t\t\t\t<div class=\"designervily-ele designervily-ele-fid designervily-ele-fid-style-3 \"><div class=\"dsvy-fld-contents\">\r\n\t<div class=\"dsvy-sbox-icon-wrapper\"><i class=\"fas fa-users\"><\/i><\/div>\t<h4 class=\"dsvy-fid-inner\">\r\n\t\t\t\t<span class=\"dsvy-number-rotate\" data-appear-animation=\"animateDigits\" data-from=\"0\" data-to=\"4000\" data-interval=\"5\" data-before=\"\" data-before-style=\"\" data-after=\"\" data-after-style=\"\">\r\n\t\t\t\t4000\t\t<\/span><span class=\"dsvy-fid-sub\"><sup>+<\/sup><\/span>\r\n\t<\/h4>\r\n\t<span class=\"dsvy-fid-title\">Hasta Say\u0131s\u0131<\/span>\r\n<\/div><!-- .dsvy-fld-contents -->\r\n<\/div>\t\t\t\t<\/div>\n\t\t\t\t<\/div>\n\t\t\t\t\t<\/div>\n\t\t<\/div>\n\t\t\t\t<div class=\"elementor-column elementor-col-25 elementor-top-column elementor-element elementor-element-6908af9 dsvy-bg-color-over-image\" data-id=\"6908af9\" data-element_type=\"column\" data-e-type=\"column\">\n\t\t\t<div class=\"elementor-widget-wrap elementor-element-populated\">\n\t\t\t\t\t\t<div class=\"elementor-element elementor-element-07e328a elementor-widget elementor-widget-dsvy_fid_element\" data-id=\"07e328a\" data-element_type=\"widget\" data-e-type=\"widget\" data-widget_type=\"dsvy_fid_element.default\">\n\t\t\t\t<div class=\"elementor-widget-container\">\n\t\t\t\t\t<div class=\"designervily-ele designervily-ele-fid designervily-ele-fid-style-3 \"><div class=\"dsvy-fld-contents\">\r\n\t<div class=\"dsvy-sbox-icon-wrapper\"><i class=\"dsvy-cardioly-icon dsvy-cardioly-icon-phone-call\"><\/i><\/div>\t<h4 class=\"dsvy-fid-inner\">\r\n\t\t\t\t<span class=\"dsvy-number-rotate\" data-appear-animation=\"animateDigits\" data-from=\"0\" data-to=\"20000\" data-interval=\"5\" data-before=\"\" data-before-style=\"\" data-after=\"\" data-after-style=\"\">\r\n\t\t\t\t20000\t\t<\/span><span class=\"dsvy-fid-sub\"><sup>+<\/sup><\/span>\r\n\t<\/h4>\r\n\t<span class=\"dsvy-fid-title\">Telefon G\u00f6r\u00fc\u015fmesi<\/span>\r\n<\/div><!-- .dsvy-fld-contents -->\r\n<\/div>\t\t\t\t<\/div>\n\t\t\t\t<\/div>\n\t\t\t\t\t<\/div>\n\t\t<\/div>\n\t\t\t\t<div class=\"elementor-column elementor-col-25 elementor-top-column elementor-element elementor-element-e2de4b1 dsvy-bg-color-over-image\" data-id=\"e2de4b1\" data-element_type=\"column\" data-e-type=\"column\">\n\t\t\t<div class=\"elementor-widget-wrap elementor-element-populated\">\n\t\t\t\t\t\t<div class=\"elementor-element elementor-element-4dd4215 elementor-widget elementor-widget-dsvy_fid_element\" data-id=\"4dd4215\" data-element_type=\"widget\" data-e-type=\"widget\" data-widget_type=\"dsvy_fid_element.default\">\n\t\t\t\t<div class=\"elementor-widget-container\">\n\t\t\t\t\t<div class=\"designervily-ele designervily-ele-fid designervily-ele-fid-style-3 \"><div class=\"dsvy-fld-contents\">\r\n\t<div class=\"dsvy-sbox-icon-wrapper\"><i class=\"far fa-smile-beam\"><\/i><\/div>\t<h4 class=\"dsvy-fid-inner\">\r\n\t\t\t\t<span class=\"dsvy-number-rotate\" data-appear-animation=\"animateDigits\" data-from=\"0\" data-to=\"100\" data-interval=\"5\" data-before=\"\" data-before-style=\"\" data-after=\"\" data-after-style=\"\">\r\n\t\t\t\t100\t\t<\/span><span class=\"dsvy-fid-sub\"><sup>%<\/sup><\/span>\r\n\t<\/h4>\r\n\t<span class=\"dsvy-fid-title\">M\u00fc\u015fteri Memnuniyeti<\/span>\r\n<\/div><!-- .dsvy-fld-contents -->\r\n<\/div>\t\t\t\t<\/div>\n\t\t\t\t<\/div>\n\t\t\t\t\t<\/div>\n\t\t<\/div>\n\t\t\t\t\t<\/div>\n\t\t<\/section>\n\t\t\t\t<\/div>\n\t\t","protected":false},"excerpt":{"rendered":"<p>4000+ Mutlu Hasta Forever Clinica Hakk\u0131m\u0131zda 2018 y\u0131l\u0131nda ba\u015flam\u0131\u015f oldu\u011fumuz bu yolculukta y\u0131llar\u0131n vermi\u015f oldu\u011fu deneyim ve tecr\u00fcbe ile i\u015fimizi her g\u00fcn daha \u00e7ok severek yaparak geli\u015ftirmeye ba\u015flad\u0131k. \u015eimdi Forever Clinic olarak hastalar\u0131m\u0131z\u0131n ihtiya\u00e7lar\u0131na ve sa\u011fl\u0131\u011f\u0131na uygun tedavileri almalar\u0131na arac\u0131 oluyoruz. Her ge\u00e7en g\u00fcn kendimizi i\u015fimizde geli\u015ftirerek, siz de\u011ferli misafirlerimize en iyi ve en kaliteli hizmeti vermek i\u00e7in daha \u00e7ok \u00e7al\u0131\u015f\u0131yoruz. Tedaviler uluslararas\u0131 sa\u011fl\u0131k turizmi yetki belgesine sahip anla\u015fmal\u0131 sa\u011fl\u0131k[&hellip;]<\/p>\n","protected":false},"author":1,"featured_media":0,"parent":0,"menu_order":4,"comment_status":"closed","ping_status":"closed","template":"elementor_header_footer","meta":{"_acf_changed":false,"_uf_show_specific_survey":0,"_uf_disable_surveys":false,"_joinchat":[],"footnotes":""},"class_list":["post-67","page","type-page","status-publish","hentry"],"acf":[],"aioseo_notices":[],"_links":{"self":[{"href":"https:\/\/foreverclinica.com\/tr\/wp-json\/wp\/v2\/pages\/67","targetHints":{"allow":["GET"]}}],"collection":[{"href":"https:\/\/foreverclinica.com\/tr\/wp-json\/wp\/v2\/pages"}],"about":[{"href":"https:\/\/foreverclinica.com\/tr\/wp-json\/wp\/v2\/types\/page"}],"author":[{"embeddable":true,"href":"https:\/\/foreverclinica.com\/tr\/wp-json\/wp\/v2\/users\/1"}],"replies":[{"embeddable":true,"href":"https:\/\/foreverclinica.com\/tr\/wp-json\/wp\/v2\/comments?post=67"}],"version-history":[{"count":10,"href":"https:\/\/foreverclinica.com\/tr\/wp-json\/wp\/v2\/pages\/67\/revisions"}],"predecessor-version":[{"id":12185,"href":"https:\/\/foreverclinica.com\/tr\/wp-json\/wp\/v2\/pages\/67\/revisions\/12185"}],"wp:attachment":[{"href":"https:\/\/foreverclinica.com\/tr\/wp-json\/wp\/v2\/media?parent=67"}],"curies":[{"name":"wp","href":"https:\/\/api.w.org\/{rel}","templated":true}]}}